{"id":3945,"date":"2016-01-19T10:43:34","date_gmt":"2016-01-19T10:43:34","guid":{"rendered":"https:\/\/www.cubaseltiopaco.com\/?page_id=3945"},"modified":"2023-05-30T11:42:32","modified_gmt":"2023-05-30T11:42:32","slug":"serveis","status":"publish","type":"page","link":"https:\/\/www.cubaseltiopaco.com\/ca\/serveis\/","title":{"rendered":"Serveis"},"content":{"rendered":"<div id='layer_slider_1'  class='avia-layerslider main_color avia-shadow  avia-builder-el-0  el_before_av_section  avia-builder-el-first  container_wrap sidebar_right'  style='height: 151px;'  ><\/div>\n<div id='av_section_1'  class='avia-section av-16j8ecp-2ee4bc30165e624de683901f7b29ad50 main_color avia-section-default avia-no-shadow  avia-builder-el-1  el_after_av_layerslider  el_before_av_section  avia-bg-style-scroll container_wrap sidebar_right'  ><div class='container av-section-cont-open' ><div class='template-page content  av-content-small alpha units'><div class='post-entry post-entry-type-page post-entry-3945'><div class='entry-content-wrapper clearfix'>\n\n<style type=\"text\/css\" data-created_by=\"avia_inline_auto\" id=\"style-css-av-14fpzp5-a598d62af7a237c27bafd9d012c78cf6\">\n#top .av-special-heading.av-14fpzp5-a598d62af7a237c27bafd9d012c78cf6{\npadding-bottom:10px;\n}\nbody .av-special-heading.av-14fpzp5-a598d62af7a237c27bafd9d012c78cf6 .av-special-heading-tag .heading-char{\nfont-size:25px;\n}\n.av-special-heading.av-14fpzp5-a598d62af7a237c27bafd9d012c78cf6 .av-subheading{\nfont-size:15px;\n}\n<\/style>\n<div  class='av-special-heading av-14fpzp5-a598d62af7a237c27bafd9d012c78cf6 av-special-heading-h1  avia-builder-el-2  el_before_av_two_fifth  avia-builder-el-first '><h1 class='av-special-heading-tag'  itemprop=\"headline\"  >Serveis<\/h1><div class=\"special-heading-border\"><div class=\"special-heading-inner-border\"><\/div><\/div><\/div>\n<div class='flex_column av-12ej6ax-ae4dd932001ac28fb954a12c576ba5c5 av_two_fifth  avia-builder-el-3  el_after_av_heading  el_before_av_three_fifth  first flex_column_div '   ><style type=\"text\/css\" data-created_by=\"avia_inline_auto\" id=\"style-css-av-11cd2pl-b497d5eae44de9ff0f9cdfeadc618af7\">\n.avia-image-container.av-11cd2pl-b497d5eae44de9ff0f9cdfeadc618af7 .av-image-caption-overlay-center{\ncolor:#ffffff;\n}\n<\/style>\n<div  class='avia-image-container av-11cd2pl-b497d5eae44de9ff0f9cdfeadc618af7 av-styling- avia-align-right  avia-builder-el-4  avia-builder-el-no-sibling '  itemprop=\"image\" itemscope=\"itemscope\" itemtype=\"https:\/\/schema.org\/ImageObject\" ><div class=\"avia-image-container-inner\"><div class=\"avia-image-overlay-wrap\"><img class='wp-image-4705 avia-img-lazy-loading-not-4705 avia_image' src=\"https:\/\/www.cubaseltiopaco.com\/ca\/wp-content\/uploads\/2023\/05\/servicios_integrales_cubas.jpg\" alt='servicios integrales cubas' title='servicios integrales cubas'  height=\"296\" width=\"500\"  itemprop=\"thumbnailUrl\" srcset=\"https:\/\/www.cubaseltiopaco.com\/ca\/wp-content\/uploads\/2023\/05\/servicios_integrales_cubas.jpg 500w, https:\/\/www.cubaseltiopaco.com\/ca\/wp-content\/uploads\/2023\/05\/servicios_integrales_cubas-300x178.jpg 300w\" sizes=\"(max-width: 500px) 100vw, 500px\" \/><\/div><\/div><\/div><\/div><div class='flex_column av-zvyxh5-0868c7ede2dd7488cefe370b7a4c74ac av_three_fifth  avia-builder-el-5  el_after_av_two_fifth  avia-builder-el-last  flex_column_div '   ><section  class='av_textblock_section av-yfv2m1-e9661b56b5a01ccc73b59bc9e86567ba'  itemscope=\"itemscope\" itemtype=\"https:\/\/schema.org\/CreativeWork\" ><div class='avia_textblock'  itemprop=\"text\" ><h2>Serveis integrals<\/h2>\n<div style=\"height: 5px;\"><\/div>\n<p>En <strong>Cubas el tio Paco<\/strong> tenim tot el necessari per aportar serveis integrals als nostres clients.<\/p>\n<p>Els nostres professionals, que tenen <strong>una gran experi\u00e8ncia i la formaci\u00f3 m\u00e9s adequada,<\/strong> estan recolzats pels vehicles moderns i efectius amb qu\u00e8 comptem. A m\u00e9s, alguna cosa com\u00fa en tots els nostres serveis \u00e9s el segell de les nostres caracter\u00edstiques m\u00e9s importants: treballar amb serietat, responsabilitat i efic\u00e0cia.<\/p>\n<p>Aix\u00ed, cobrim un ampli ventall de processos en el nostre sector: <strong>neteges p\u00fabliques, neteges industrials, revisi\u00f3 de xarxes i conductes i manteniments preventius.<\/strong><\/p>\n<p>Disposem de camions cuba totalment equipats amb cisternes mixtes amb ADR de fins a 23 m\u00b3 per realitzar les neteges i transport de mat\u00e8ries perilloses.<\/p>\n<\/div><\/section><\/div><\/div><\/div><\/div><!-- close content main div --><\/div><\/div><div id='av_section_2'  class='avia-section av-wodmdl-2c3f1f1523e9750b6080337b5d8daa03 main_color avia-section-default avia-no-shadow  avia-builder-el-7  el_after_av_section  el_before_av_section  avia-bg-style-scroll container_wrap sidebar_right'  ><div class='container av-section-cont-open' ><div class='template-page content  av-content-small alpha units'><div class='post-entry post-entry-type-page post-entry-3945'><div class='entry-content-wrapper clearfix'>\n<div class='flex_column av-v9o4s9-e0ca6d54a7f3dc945cd6565af39ce9bb av_three_fifth  avia-builder-el-8  el_before_av_two_fifth  avia-builder-el-first  first flex_column_div '   ><section  class='av_textblock_section av-sakohl-a4ccd6aa171a6851d35d0ff9f08a6411'  itemscope=\"itemscope\" itemtype=\"https:\/\/schema.org\/CreativeWork\" ><div class='avia_textblock'  itemprop=\"text\" ><h2 style=\"text-align: right;\">Neteges p\u00fabliques<\/h2>\n<div style=\"height: 20px;\"><\/div>\n<p style=\"text-align: right;\">Aquest servei est\u00e0 dirigit al manteniment, buidatge, desemboce, embussos i neteja en comunitats de ve\u00efns, cases particulars, via p\u00fablica, etc &#8230; La nostra maquin\u00e0ria ens permet treballar davant els grans inconvenients. Qualsevol emb\u00fas que es produeixi despr\u00e9s d&#8217;abundants pluges a qualsevol zona de la ciutat com el clavegueram o desguassos.<\/p>\n<p style=\"text-align: right;\">Prestem serveis per a:<\/p>\n<ul style=\"list-style-type: none;\">\n<li style=\"text-align: right;\"><strong>Xarxes de clavegueram, desguassos, col\u00b7lectors, canonades, pous negres (fosses s\u00e8ptiques), etc, ..<\/strong><\/li>\n<\/ul>\n<\/div><\/section><\/div><div class='flex_column av-roc51l-16e2695d5a1f50dea41d0261b6ef3977 av_two_fifth  avia-builder-el-10  el_after_av_three_fifth  avia-builder-el-last  flex_column_div '   ><style type=\"text\/css\" data-created_by=\"avia_inline_auto\" id=\"style-css-av-pje2tl-b6b23e70c524f9ae488038d3ad9064f6\">\n.avia-image-container.av-pje2tl-b6b23e70c524f9ae488038d3ad9064f6 .av-image-caption-overlay-center{\ncolor:#ffffff;\n}\n<\/style>\n<div  class='avia-image-container av-pje2tl-b6b23e70c524f9ae488038d3ad9064f6 av-styling- avia-align-left  avia-builder-el-11  avia-builder-el-no-sibling '  itemprop=\"image\" itemscope=\"itemscope\" itemtype=\"https:\/\/schema.org\/ImageObject\" ><div class=\"avia-image-container-inner\"><div class=\"avia-image-overlay-wrap\"><img class='wp-image-3636 avia-img-lazy-loading-not-3636 avia_image' src=\"https:\/\/www.cubaseltiopaco.com\/ca\/wp-content\/uploads\/2013\/04\/limpiezaspublicas1.jpg\" alt='limpiezas p\u00fablicas' title='limpiezaspublicas'  height=\"240\" width=\"383\"  itemprop=\"thumbnailUrl\" srcset=\"https:\/\/www.cubaseltiopaco.com\/ca\/wp-content\/uploads\/2013\/04\/limpiezaspublicas1.jpg 383w, https:\/\/www.cubaseltiopaco.com\/ca\/wp-content\/uploads\/2013\/04\/limpiezaspublicas1-300x187.jpg 300w\" sizes=\"(max-width: 383px) 100vw, 383px\" \/><\/div><\/div><\/div><\/div>\n<\/p>\n<\/div><\/div><\/div><!-- close content main div --><\/div><\/div><div id='av_section_3'  class='avia-section av-2cgmx5-97ada009bee9b13ecf79e8a006c4fd96 main_color avia-section-default avia-no-shadow  avia-builder-el-12  el_after_av_section  el_before_av_three_fifth  avia-bg-style-scroll container_wrap sidebar_right'  ><div class='container av-section-cont-open' ><div class='template-page content  av-content-small alpha units'><div class='post-entry post-entry-type-page post-entry-3945'><div class='entry-content-wrapper clearfix'>\n<div class='flex_column av-26iy0p-23871ce486de79a981bd98d529f2ca00 av_two_fifth  avia-builder-el-13  el_before_av_three_fifth  avia-builder-el-first  first flex_column_div '   ><style type=\"text\/css\" data-created_by=\"avia_inline_auto\" id=\"style-css-av-kud46h-c7ebc4b4920c7f5a39f0e231d66aab77\">\n.avia-image-container.av-kud46h-c7ebc4b4920c7f5a39f0e231d66aab77 .av-image-caption-overlay-center{\ncolor:#ffffff;\n}\n<\/style>\n<div  class='avia-image-container av-kud46h-c7ebc4b4920c7f5a39f0e231d66aab77 av-styling- avia-align-right  avia-builder-el-14  avia-builder-el-no-sibling '  itemprop=\"image\" itemscope=\"itemscope\" itemtype=\"https:\/\/schema.org\/ImageObject\" ><div class=\"avia-image-container-inner\"><div class=\"avia-image-overlay-wrap\"><img class='wp-image-3634 avia-img-lazy-loading-not-3634 avia_image' src=\"https:\/\/www.cubaseltiopaco.com\/ca\/wp-content\/uploads\/2013\/04\/serviciosIndustriales.jpg\" alt='servicios industriales' title='serviciosIndustriales'  height=\"250\" width=\"399\"  itemprop=\"thumbnailUrl\" srcset=\"https:\/\/www.cubaseltiopaco.com\/ca\/wp-content\/uploads\/2013\/04\/serviciosIndustriales.jpg 399w, https:\/\/www.cubaseltiopaco.com\/ca\/wp-content\/uploads\/2013\/04\/serviciosIndustriales-300x187.jpg 300w\" sizes=\"(max-width: 399px) 100vw, 399px\" \/><\/div><\/div><\/div><\/div><div class='flex_column av-ju7w1l-da7cddf3ffef84ae7987ef6e65b14c24 av_three_fifth  avia-builder-el-15  el_after_av_two_fifth  avia-builder-el-last  flex_column_div '   ><section  class='av_textblock_section av-h36fk9-75dc37ec394b054522b7e8cf785993ee'  itemscope=\"itemscope\" itemtype=\"https:\/\/schema.org\/CreativeWork\" ><div class='avia_textblock'  itemprop=\"text\" ><h2>Neteges industrials<\/h2>\n<div style=\"height: 15px;\"><\/div>\n<p>Disposem d&#8217;un <strong>equip d&#8217;alta pressi\u00f3<\/strong> capa\u00e7 de desenvolupar 300 bar de pressi\u00f3, amb una completa varietat de toveres i pinyes rotatives de diferents dimensions. Deixem els conductes perfectament nets. realitzem:<\/p>\n<ul>\n<li>Desemboce, desembussos i neteja de col\u00b7lectors.<\/li>\n<li><strong>Retirada de residus industrials i l\u00edquids.<\/strong><\/li>\n<li>Estacions depuradores.<\/li>\n<li>Tancs.<\/li>\n<li><strong>Buidatge de dip\u00f2sits d&#8217;aig\u00fces residuals.<\/strong><\/li>\n<\/ul>\n<\/div><\/section><\/div>\n<\/div><\/div><\/div><!-- close content main div --><\/div><\/div><div id='after_section_3'  class='main_color av_default_container_wrap container_wrap sidebar_right'  ><div class='container av-section-cont-open' ><div class='template-page content  av-content-small alpha units'><div class='post-entry post-entry-type-page post-entry-3945'><div class='entry-content-wrapper clearfix'>\n<div class='flex_column av-g5bq3t-bc3b2ea8f20e1d1996776336f5996462 av_three_fifth  avia-builder-el-17  el_after_av_section  el_before_av_two_fifth  avia-builder-el-first  first flex_column_div '   ><section  class='av_textblock_section av-dxozy1-e476fe9fa24784d9040d1c27d430fb4f'  itemscope=\"itemscope\" itemtype=\"https:\/\/schema.org\/CreativeWork\" ><div class='avia_textblock'  itemprop=\"text\" ><h2 style=\"text-align: right;\">Revisi\u00f3 de xarxes i conductes<\/h2>\n<p style=\"text-align: right;\"><strong>Tenim avan\u00e7ats sistemes per a la inspecci\u00f3 de xarxes i conductes que ens permeten treballar en qualsevol \u00e0mbit<\/strong>, entre els quals es troben els seg\u00fcents:<\/p>\n<p style=\"text-align: right;\">Equip audiovisual: c\u00e0mera v\u00eddeo gravadora per a la inspecci\u00f3 de col\u00b7lectors, xarxes i conductes mitjan\u00e7ant un sistema per circuit tancat de TV Tota la inspecci\u00f3 queda registrada en un DVD.<\/p>\n<p style=\"text-align: right;\"><strong>Sonda electr\u00f2nica:<\/strong> equip de sonda per a la localitzaci\u00f3 d&#8217;arquetes perdudes.<\/p>\n<\/div><\/section><\/div>\n<div class='flex_column av-cu73o9-5dfc1c40bdfbbf3854fc3c9dca94c4a8 av_two_fifth  avia-builder-el-19  el_after_av_three_fifth  el_before_av_section  avia-builder-el-last  flex_column_div '   ><style type=\"text\/css\" data-created_by=\"avia_inline_auto\" id=\"style-css-av-b9r7ix-6d64f831f961f93f658334302ccce8bd\">\n.avia-image-container.av-b9r7ix-6d64f831f961f93f658334302ccce8bd .av-image-caption-overlay-center{\ncolor:#ffffff;\n}\n<\/style>\n<div  class='avia-image-container av-b9r7ix-6d64f831f961f93f658334302ccce8bd av-styling- avia-align-left  avia-builder-el-20  avia-builder-el-no-sibling '  itemprop=\"image\" itemscope=\"itemscope\" itemtype=\"https:\/\/schema.org\/ImageObject\" ><div class=\"avia-image-container-inner\"><div class=\"avia-image-overlay-wrap\"><img class='wp-image-3567 avia-img-lazy-loading-not-3567 avia_image' src=\"https:\/\/www.cubaseltiopaco.com\/ca\/wp-content\/uploads\/2013\/04\/camara.jpg\" alt='c\u00e1mara movil' title='camara'  height=\"240\" width=\"279\"  itemprop=\"thumbnailUrl\"  \/><\/div><\/div><\/div><\/div>\n<\/div><\/div><\/div><!-- close content main div --><\/div><\/div><div id='av_section_4'  class='avia-section av-9655p5-8524683ca7c3c659fe57fc26c374c56e main_color avia-section-default avia-no-shadow  avia-builder-el-21  el_after_av_two_fifth  avia-builder-el-last  avia-bg-style-scroll container_wrap sidebar_right'  ><div class='container av-section-cont-open' ><div class='template-page content  av-content-small alpha units'><div class='post-entry post-entry-type-page post-entry-3945'><div class='entry-content-wrapper clearfix'>\n<div class='flex_column av-86pv7d-155b12eae5f392c01fe5c4716ddfa7d1 av_two_fifth  avia-builder-el-22  el_before_av_three_fifth  avia-builder-el-first  first flex_column_div '   ><style type=\"text\/css\" data-created_by=\"avia_inline_auto\" id=\"style-css-av-5hx7o9-dc4f5c83d2fb95f7e7e548ce9a349e14\">\n.avia-image-container.av-5hx7o9-dc4f5c83d2fb95f7e7e548ce9a349e14 .av-image-caption-overlay-center{\ncolor:#ffffff;\n}\n<\/style>\n<div  class='avia-image-container av-5hx7o9-dc4f5c83d2fb95f7e7e548ce9a349e14 av-styling- avia-align-center  avia-builder-el-23  avia-builder-el-no-sibling '  itemprop=\"image\" itemscope=\"itemscope\" itemtype=\"https:\/\/schema.org\/ImageObject\" ><div class=\"avia-image-container-inner\"><div class=\"avia-image-overlay-wrap\"><img class='wp-image-4691 avia-img-lazy-loading-not-4691 avia_image' src=\"https:\/\/www.cubaseltiopaco.com\/ca\/wp-content\/uploads\/2023\/05\/servicios_mantenimientos_preventivos.jpg\" alt='servicios mantenimientos preventivos' title='servicios mantenimientos preventivos'  height=\"501\" width=\"800\"  itemprop=\"thumbnailUrl\" srcset=\"https:\/\/www.cubaseltiopaco.com\/ca\/wp-content\/uploads\/2023\/05\/servicios_mantenimientos_preventivos.jpg 800w, https:\/\/www.cubaseltiopaco.com\/ca\/wp-content\/uploads\/2023\/05\/servicios_mantenimientos_preventivos-300x188.jpg 300w, https:\/\/www.cubaseltiopaco.com\/ca\/wp-content\/uploads\/2023\/05\/servicios_mantenimientos_preventivos-768x481.jpg 768w, https:\/\/www.cubaseltiopaco.com\/ca\/wp-content\/uploads\/2023\/05\/servicios_mantenimientos_preventivos-705x442.jpg 705w\" sizes=\"(max-width: 800px) 100vw, 800px\" \/><\/div><\/div><\/div><\/div><div class='flex_column av-3ocbe1-efd6ba5ac9fa046eecbd120b4c2dd1f1 av_three_fifth  avia-builder-el-24  el_after_av_two_fifth  avia-builder-el-last  flex_column_div '   ><section  class='av_textblock_section av-8qxx5-b830801913ab3b8ea37a93097d1a7b68'  itemscope=\"itemscope\" itemtype=\"https:\/\/schema.org\/CreativeWork\" ><div class='avia_textblock'  itemprop=\"text\" ><h2>Manteniments Preventius<\/h2>\n<div style=\"height: 15px;\"><\/div>\n<p>Oferim als nostres clients contractes de manteniment integral de les xarxes de clavegueram i <strong> sanejament amb tarifes especials <\/strong>, aplicables a tot tipus d&#8217;instal\u00b7lacions.<\/p>\n<p>Conservem la seva xarxa de sanejament en bon estat amb efic\u00e0cia i professionalitat, mentre que estalvia en costos i avaries.<\/p>\n<p>Disposem de <strong> contractes de manteniment adaptats per a empreses <\/strong>, comunitats i administradors de finques.<\/p>\n<p>Tamb\u00e9 disposem de contractes especials per a la neteja i buidatge de fosses s\u00e8ptiques a particulars i empreses.<\/p>\n<\/div><\/section><\/div>\n<\/div><\/div><\/div><!-- close content main div --><\/div><\/div><div id='after_section_4'  class='main_color av_default_container_wrap container_wrap sidebar_right'  ><div class='container av-section-cont-open' ><div class='template-page content  av-content-small alpha units'><div class='post-entry post-entry-type-page post-entry-3945'><div class='entry-content-wrapper clearfix'>\n","protected":false},"excerpt":{"rendered":"","protected":false},"author":1,"featured_media":0,"parent":0,"menu_order":0,"comment_status":"open","ping_status":"open","template":"","meta":[],"yoast_head":"<!-- This site is optimized with the Yoast SEO plugin v19.6 - https:\/\/yoast.com\/wordpress\/plugins\/seo\/ -->\n<title>Serveis<\/title>\n<meta name=\"description\" content=\"CUBAS EL TIO PACO. Tots els serveis que oferim tant de neteges p\u00fabliques, neteges Industrials, revisi\u00f3 de xarxes i conductes com a manteniments preventius\" \/>\n<meta name=\"robots\" content=\"index, follow, max-snippet:-1, max-image-preview:large, max-video-preview:-1\" \/>\n<link rel=\"canonical\" href=\"https:\/\/www.cubaseltiopaco.com\/ca\/serveis\/\" \/>\n<meta property=\"og:locale\" content=\"ca_ES\" \/>\n<meta property=\"og:type\" content=\"article\" \/>\n<meta property=\"og:title\" content=\"Serveis\" \/>\n<meta property=\"og:description\" content=\"CUBAS EL TIO PACO. Tots els serveis que oferim tant de neteges p\u00fabliques, neteges Industrials, revisi\u00f3 de xarxes i conductes com a manteniments preventius\" \/>\n<meta property=\"og:url\" content=\"https:\/\/www.cubaseltiopaco.com\/ca\/serveis\/\" \/>\n<meta property=\"og:site_name\" content=\"Cubas el tio paco\" \/>\n<meta property=\"article:modified_time\" content=\"2023-05-30T11:42:32+00:00\" \/>\n<meta name=\"twitter:label1\" content=\"Temps estimat de lectura\" \/>\n\t<meta name=\"twitter:data1\" content=\"4 minuts\" \/>\n<script type=\"application\/ld+json\" class=\"yoast-schema-graph\">{\"@context\":\"https:\/\/schema.org\",\"@graph\":[{\"@type\":\"WebPage\",\"@id\":\"https:\/\/www.cubaseltiopaco.com\/ca\/serveis\/\",\"url\":\"https:\/\/www.cubaseltiopaco.com\/ca\/serveis\/\",\"name\":\"Serveis\",\"isPartOf\":{\"@id\":\"https:\/\/www.cubaseltiopaco.com\/ca\/#website\"},\"datePublished\":\"2016-01-19T10:43:34+00:00\",\"dateModified\":\"2023-05-30T11:42:32+00:00\",\"description\":\"CUBAS EL TIO PACO. Tots els serveis que oferim tant de neteges p\u00fabliques, neteges Industrials, revisi\u00f3 de xarxes i conductes com a manteniments preventius\",\"breadcrumb\":{\"@id\":\"https:\/\/www.cubaseltiopaco.com\/ca\/serveis\/#breadcrumb\"},\"inLanguage\":\"ca\",\"potentialAction\":[{\"@type\":\"ReadAction\",\"target\":[\"https:\/\/www.cubaseltiopaco.com\/ca\/serveis\/\"]}]},{\"@type\":\"BreadcrumbList\",\"@id\":\"https:\/\/www.cubaseltiopaco.com\/ca\/serveis\/#breadcrumb\",\"itemListElement\":[{\"@type\":\"ListItem\",\"position\":1,\"name\":\"Portada\",\"item\":\"https:\/\/www.cubaseltiopaco.com\/ca\/\"},{\"@type\":\"ListItem\",\"position\":2,\"name\":\"Serveis\"}]},{\"@type\":\"WebSite\",\"@id\":\"https:\/\/www.cubaseltiopaco.com\/ca\/#website\",\"url\":\"https:\/\/www.cubaseltiopaco.com\/ca\/\",\"name\":\"Cubas el tio paco\",\"description\":\"Empresa de desembussos a Barcelona\",\"potentialAction\":[{\"@type\":\"SearchAction\",\"target\":{\"@type\":\"EntryPoint\",\"urlTemplate\":\"https:\/\/www.cubaseltiopaco.com\/ca\/?s={search_term_string}\"},\"query-input\":\"required name=search_term_string\"}],\"inLanguage\":\"ca\"}]}<\/script>\n<!-- \/ Yoast SEO plugin. -->","yoast_head_json":{"title":"Serveis","description":"CUBAS EL TIO PACO. Tots els serveis que oferim tant de neteges p\u00fabliques, neteges Industrials, revisi\u00f3 de xarxes i conductes com a manteniments preventius","robots":{"index":"index","follow":"follow","max-snippet":"max-snippet:-1","max-image-preview":"max-image-preview:large","max-video-preview":"max-video-preview:-1"},"canonical":"https:\/\/www.cubaseltiopaco.com\/ca\/serveis\/","og_locale":"ca_ES","og_type":"article","og_title":"Serveis","og_description":"CUBAS EL TIO PACO. Tots els serveis que oferim tant de neteges p\u00fabliques, neteges Industrials, revisi\u00f3 de xarxes i conductes com a manteniments preventius","og_url":"https:\/\/www.cubaseltiopaco.com\/ca\/serveis\/","og_site_name":"Cubas el tio paco","article_modified_time":"2023-05-30T11:42:32+00:00","twitter_misc":{"Temps estimat de lectura":"4 minuts"},"schema":{"@context":"https:\/\/schema.org","@graph":[{"@type":"WebPage","@id":"https:\/\/www.cubaseltiopaco.com\/ca\/serveis\/","url":"https:\/\/www.cubaseltiopaco.com\/ca\/serveis\/","name":"Serveis","isPartOf":{"@id":"https:\/\/www.cubaseltiopaco.com\/ca\/#website"},"datePublished":"2016-01-19T10:43:34+00:00","dateModified":"2023-05-30T11:42:32+00:00","description":"CUBAS EL TIO PACO. Tots els serveis que oferim tant de neteges p\u00fabliques, neteges Industrials, revisi\u00f3 de xarxes i conductes com a manteniments preventius","breadcrumb":{"@id":"https:\/\/www.cubaseltiopaco.com\/ca\/serveis\/#breadcrumb"},"inLanguage":"ca","potentialAction":[{"@type":"ReadAction","target":["https:\/\/www.cubaseltiopaco.com\/ca\/serveis\/"]}]},{"@type":"BreadcrumbList","@id":"https:\/\/www.cubaseltiopaco.com\/ca\/serveis\/#breadcrumb","itemListElement":[{"@type":"ListItem","position":1,"name":"Portada","item":"https:\/\/www.cubaseltiopaco.com\/ca\/"},{"@type":"ListItem","position":2,"name":"Serveis"}]},{"@type":"WebSite","@id":"https:\/\/www.cubaseltiopaco.com\/ca\/#website","url":"https:\/\/www.cubaseltiopaco.com\/ca\/","name":"Cubas el tio paco","description":"Empresa de desembussos a Barcelona","potentialAction":[{"@type":"SearchAction","target":{"@type":"EntryPoint","urlTemplate":"https:\/\/www.cubaseltiopaco.com\/ca\/?s={search_term_string}"},"query-input":"required name=search_term_string"}],"inLanguage":"ca"}]}},"_links":{"self":[{"href":"https:\/\/www.cubaseltiopaco.com\/ca\/wp-json\/wp\/v2\/pages\/3945"}],"collection":[{"href":"https:\/\/www.cubaseltiopaco.com\/ca\/wp-json\/wp\/v2\/pages"}],"about":[{"href":"https:\/\/www.cubaseltiopaco.com\/ca\/wp-json\/wp\/v2\/types\/page"}],"author":[{"embeddable":true,"href":"https:\/\/www.cubaseltiopaco.com\/ca\/wp-json\/wp\/v2\/users\/1"}],"replies":[{"embeddable":true,"href":"https:\/\/www.cubaseltiopaco.com\/ca\/wp-json\/wp\/v2\/comments?post=3945"}],"version-history":[{"count":8,"href":"https:\/\/www.cubaseltiopaco.com\/ca\/wp-json\/wp\/v2\/pages\/3945\/revisions"}],"predecessor-version":[{"id":4706,"href":"https:\/\/www.cubaseltiopaco.com\/ca\/wp-json\/wp\/v2\/pages\/3945\/revisions\/4706"}],"wp:attachment":[{"href":"https:\/\/www.cubaseltiopaco.com\/ca\/wp-json\/wp\/v2\/media?parent=3945"}],"curies":[{"name":"wp","href":"https:\/\/api.w.org\/{rel}","templated":true}]}}