{"id":3950,"date":"2016-01-20T11:43:08","date_gmt":"2016-01-20T11:43:08","guid":{"rendered":"https:\/\/www.cubaseltiopaco.com\/?page_id=3950"},"modified":"2023-05-30T11:39:59","modified_gmt":"2023-05-30T11:39:59","slug":"camio-cuba","status":"publish","type":"page","link":"https:\/\/www.cubaseltiopaco.com\/ca\/camio-cuba\/","title":{"rendered":"Cami\u00f3 cuba"},"content":{"rendered":"<div id='full_slider_1'  class='avia-fullwidth-slider main_color avia-shadow   avia-builder-el-0  el_before_av_one_full  avia-builder-el-first   container_wrap sidebar_right'  ><div  class='avia-slideshow av-8hivu6-c474206689fdbade6aac51e622d64909 av-control-default avia-slideshow-featured av_slideshow_full avia-slide-slider av-default-height-applied   avia-slideshow-1'  data-size='featured'  data-lightbox_size='large'  data-animation='slide'  data-conditional_play=''  data-ids='4703'  data-video_counter='0'  data-autoplay='false'  data-bg_slider='false'  data-slide_height=''  data-handle='av_slideshow_full'  data-interval='5'  data-class=''  data-extra_class=' '  data-el_id=''  data-css_id=''  data-scroll_down=''  data-control_layout='av-control-default'  data-custom_markup=''  data-perma_caption=''  data-autoplay_stopper=''  data-image_attachment=''  data-min_height='0px'  data-lazy_loading='disabled'  data-default-height='26.666666666667'  data-stretch=''  data-src=''  data-position='top left'  data-repeat='no-repeat'  data-attach='scroll'  data-img_scrset=''  data-av-desktop-hide=''  data-av-medium-hide=''  data-av-small-hide=''  data-av-mini-hide=''  data-id=''  data-custom_class=''  data-template_class=''  data-av_uid='av-8hivu6'  data-sc_version='1.0'  data-heading_tag=''  data-heading_class=''   itemprop=\"image\" itemscope=\"itemscope\" itemtype=\"https:\/\/schema.org\/ImageObject\" ><ul class='avia-slideshow-inner ' style='padding-bottom: 26.666666666667%;'><li  class='avia-slideshow-slide av-8hivu6-c474206689fdbade6aac51e622d64909__0  av-single-slide slide-1 ' ><div data-rel='slideshow-1' class='avia-slide-wrap '   ><img class=\"wp-image-4703 avia-img-lazy-loading-not-4703\"  src=\"https:\/\/www.cubaseltiopaco.com\/ca\/wp-content\/uploads\/2023\/05\/camiones_cubas_tio_paco_2.jpg\" width=\"1500\" height=\"400\" title='camiones cubas tio paco 2' alt='camiones cubas tio paco 2'  itemprop=\"thumbnailUrl\" srcset=\"https:\/\/www.cubaseltiopaco.com\/ca\/wp-content\/uploads\/2023\/05\/camiones_cubas_tio_paco_2.jpg 1500w, https:\/\/www.cubaseltiopaco.com\/ca\/wp-content\/uploads\/2023\/05\/camiones_cubas_tio_paco_2-300x80.jpg 300w, https:\/\/www.cubaseltiopaco.com\/ca\/wp-content\/uploads\/2023\/05\/camiones_cubas_tio_paco_2-1030x275.jpg 1030w, https:\/\/www.cubaseltiopaco.com\/ca\/wp-content\/uploads\/2023\/05\/camiones_cubas_tio_paco_2-768x205.jpg 768w, https:\/\/www.cubaseltiopaco.com\/ca\/wp-content\/uploads\/2023\/05\/camiones_cubas_tio_paco_2-705x188.jpg 705w\" sizes=\"(max-width: 1500px) 100vw, 1500px\" \/><\/div><\/li><\/ul><\/div><\/div><div id='after_full_slider_1'  class='main_color av_default_container_wrap container_wrap sidebar_right'  ><div class='container av-section-cont-open' ><div class='template-page content  av-content-small alpha units'><div class='post-entry post-entry-type-page post-entry-3950'><div class='entry-content-wrapper clearfix'>\n<div class='flex_column av-6f39se-b231e9f2d7a828638144dd7a230ca846 av_one_full  avia-builder-el-1  el_after_av_slideshow_full  el_before_av_textblock  avia-builder-el-first  first flex_column_div '   ><style type=\"text\/css\" data-created_by=\"avia_inline_auto\" id=\"style-css-av-3ncqj2-53f2f4072e0abdf066fb240ef797248f\">\n#top .av-special-heading.av-3ncqj2-53f2f4072e0abdf066fb240ef797248f{\npadding-bottom:10px;\n}\nbody .av-special-heading.av-3ncqj2-53f2f4072e0abdf066fb240ef797248f .av-special-heading-tag .heading-char{\nfont-size:25px;\n}\n.av-special-heading.av-3ncqj2-53f2f4072e0abdf066fb240ef797248f .av-subheading{\nfont-size:15px;\n}\n<\/style>\n<div  class='av-special-heading av-3ncqj2-53f2f4072e0abdf066fb240ef797248f av-special-heading-h1  avia-builder-el-2  avia-builder-el-no-sibling '><h1 class='av-special-heading-tag'  itemprop=\"headline\"  >Cuba Desembussos<\/h1><div class=\"special-heading-border\"><div class=\"special-heading-inner-border\"><\/div><\/div><\/div><\/div>\n<section  class='av_textblock_section av-2mz5gu-6a8552b7ae86f02190b4f3df6df38448'  itemscope=\"itemscope\" itemtype=\"https:\/\/schema.org\/CreativeWork\" ><div class='avia_textblock'  itemprop=\"text\" ><p>Una empresa que, com la nostra, es dediqui a la neteja i desembussament de canonades, al reconeixement i manteniment de xarxes de clavegueram, a la reparaci\u00f3 de canonades i al buidatge la desinfecci\u00f3 de fosses s\u00e8ptiques, ha de comptar no nom\u00e9s amb un gran equip de professionals \u00e0mpliament qualificats i amb una \u00e0mplia experi\u00e8ncia en el sector, sin\u00f3 tamb\u00e9 amb una important flota de vehicles que donin suport i facilitin el treball dels seus treballadors.<\/p>\n<p>En <strong>Cubas el T\u00edo Paco<\/strong> disposem de tots els vehicles que una empresa de les nostres caracter\u00edstiques ha de tenir, dotats d&#8217;una gran pot\u00e8ncia i capa\u00e7os de donar resposta a les necessitats de tots els nostres clients.<\/p>\n<p>En primer lloc, <strong>comptem amb una furgoneta equipada amb un modern equip de v\u00eddeo gravaci\u00f3<\/strong> que ens permet no nom\u00e9s mostrar en temps real i amb una gran resoluci\u00f3 tot all\u00f2 que la c\u00e0mera d&#8217;inspecci\u00f3 de canonades i clavegueram est\u00e0 filmant des del subs\u00f2l, sin\u00f3 tamb\u00e9 gravar en DVD tota la filmaci\u00f3 perqu\u00e8 el nostre client tingui sempre la prova visual de l&#8217;estat de les seves canonades. Aquest vehicle, petit i dotat de la tecnologia m\u00e9s puntera en v\u00eddeo transmissi\u00f3, \u00e9s capa\u00e7 d&#8217;entrar fins als carrers i garatges m\u00e9s estrets, el que la fa perfecta per dur a terme qualsevol treball de reconeixement i localitzar, en el cas que ho hagu\u00e9s, algun desperfecte que es degu\u00e9s reparar.<\/p>\n<p>En segon lloc, tenim tamb\u00e9 un <strong>cami\u00f3 cisterna a Barcelona<\/strong> amb el qual ens encarreguem de dur a terme els desembussos, buidats i neteges m\u00e9s simples. <strong>Malgrat la seva gran grand\u00e0ria, aquest cami\u00f3 cisterna compta amb una llarga m\u00e0nega amb la qual accedir a qualsevol canal, fossa s\u00e8ptica, canonada o clavegueram<\/strong>. A m\u00e9s, la seva enorme pot\u00e8ncia d&#8217;absorci\u00f3 ens permet realitzar el nostre treball en molt poc temps i sempre amb els millors resultats, per la qual cosa \u00e9s l&#8217;eina ideal per la nostra comesa.<\/p>\n<p>Finalment, l&#8217;\u00faltim dels vehicles de la nostra flota \u00e9s un altre cami\u00f3 cisterna, per\u00f2 aquest, a difer\u00e8ncia de l&#8217;anterior, est\u00e0 dotat d&#8217;un motor encara m\u00e9s robust amb el qual poder estirar la<strong> cisterna<\/strong> extra que carrega en el remolc. El que ens permet aquest vehicle \u00e9s disposar d&#8217;una enorme capacitat de c\u00e0rrega amb la qual poder fer front al buidatge de grans fosses s\u00e8ptiques, importants embussos o la neteja d&#8217;extenses xarxes de clavegueram. D&#8217;altra banda, i igual que en el cas anterior, la seva gran mida no suposa cap problema a l&#8217;hora d&#8217;accedir a carrers estrets, garatges o aparcaments subterranis. Gr\u00e0cies a les gruixudes m\u00e0negues amb qu\u00e8 est\u00e0 equipat el nostre equip podr\u00e0 treballar fins als llocs m\u00e9s inaccessibles.<\/p>\n<p>Per descomptat,<strong> totes les nostres cisternes estan adaptades a la normativa internacional ADR<\/strong>, el que ens permet transportar per carretera tot tipus de residus perillosos com, per exemple, els residus industrials, des del punt de recollida fins a la planta de tractament m\u00e9s propera.<\/p>\n<h2><strong>Cami\u00f3 cuba Barcelona<\/strong><\/h2>\n<p>Aix\u00ed doncs, si t\u00e9 un problema i est\u00e0 buscant una empresa amb un bon cami\u00f3 cisterna desembussos a Barcelona que l&#8217;hi solucioni d&#8217;una manera r\u00e0pida, efica\u00e7 i definitiva ha donat en el clau.<\/p>\n<p>Com s&#8217;ha pogut comprovar, tota la nostra flota de camions cisternes desembussos compta amb una pot\u00e8ncia i una capacitat m\u00e9s que suficients per dur a terme, en el menor temps possible i amb les m\u00ednimes mol\u00e8sties, qualsevol tasca de desobstrucci\u00f3 i neteja de canonades o claveguerams, buidatge i desinfecci\u00f3 de fosses s\u00e8ptiques de qualsevol mida i <a href=\"https:\/\/www.cubaseltiopaco.com\/ca\/recollides-de-residus\/\"> recollida de residus <\/a> tant perillosos com no perillosos.<\/p>\n<p><strong>MUNICIPIS EN ELS QUE S&#8217;OFEREIXEN SERVEIS DE CAMI\u00d3 CUBA PER DESEMBUSSOS<br \/>\n<\/strong><\/p>\n<p>Hospitalet de Llobregat &#8211; Badalona &#8211; Sabadell &#8211; Terrassa &#8211; Martorell &#8211; Barcelona &#8211; Sant Cugat &#8211; Cornell\u00e0 &#8211; Gav\u00e0 &#8211; Begues &#8211; Corbera &#8211; Rub\u00ed &#8230;<\/p>\n<\/div><\/section>\n","protected":false},"excerpt":{"rendered":"","protected":false},"author":1,"featured_media":0,"parent":0,"menu_order":0,"comment_status":"open","ping_status":"open","template":"","meta":[],"yoast_head":"<!-- This site is optimized with the Yoast SEO plugin v19.6 - https:\/\/yoast.com\/wordpress\/plugins\/seo\/ -->\n<title>Cami\u00f3 cuba Cubes desembussos Barcelona Cami\u00f3 cuba.<\/title>\n<meta name=\"description\" content=\"CUBAS EL TIO PACO. Cami\u00f3 cuba Barcelona per a desembussos\" \/>\n<meta name=\"robots\" content=\"index, follow, max-snippet:-1, max-image-preview:large, max-video-preview:-1\" \/>\n<link rel=\"canonical\" href=\"https:\/\/www.cubaseltiopaco.com\/ca\/camio-cuba\/\" \/>\n<meta property=\"og:locale\" content=\"ca_ES\" \/>\n<meta property=\"og:type\" content=\"article\" \/>\n<meta property=\"og:title\" content=\"Cami\u00f3 cuba Cubes desembussos Barcelona Cami\u00f3 cuba.\" \/>\n<meta property=\"og:description\" content=\"CUBAS EL TIO PACO. Cami\u00f3 cuba Barcelona per a desembussos\" \/>\n<meta property=\"og:url\" content=\"https:\/\/www.cubaseltiopaco.com\/ca\/camio-cuba\/\" \/>\n<meta property=\"og:site_name\" content=\"Cubas el tio paco\" \/>\n<meta property=\"article:modified_time\" content=\"2023-05-30T11:39:59+00:00\" \/>\n<meta name=\"twitter:label1\" content=\"Temps estimat de lectura\" \/>\n\t<meta name=\"twitter:data1\" content=\"4 minuts\" \/>\n<script type=\"application\/ld+json\" class=\"yoast-schema-graph\">{\"@context\":\"https:\/\/schema.org\",\"@graph\":[{\"@type\":\"WebPage\",\"@id\":\"https:\/\/www.cubaseltiopaco.com\/ca\/camio-cuba\/\",\"url\":\"https:\/\/www.cubaseltiopaco.com\/ca\/camio-cuba\/\",\"name\":\"Cami\u00f3 cuba Cubes desembussos Barcelona Cami\u00f3 cuba.\",\"isPartOf\":{\"@id\":\"https:\/\/www.cubaseltiopaco.com\/ca\/#website\"},\"datePublished\":\"2016-01-20T11:43:08+00:00\",\"dateModified\":\"2023-05-30T11:39:59+00:00\",\"description\":\"CUBAS EL TIO PACO. Cami\u00f3 cuba Barcelona per a desembussos\",\"breadcrumb\":{\"@id\":\"https:\/\/www.cubaseltiopaco.com\/ca\/camio-cuba\/#breadcrumb\"},\"inLanguage\":\"ca\",\"potentialAction\":[{\"@type\":\"ReadAction\",\"target\":[\"https:\/\/www.cubaseltiopaco.com\/ca\/camio-cuba\/\"]}]},{\"@type\":\"BreadcrumbList\",\"@id\":\"https:\/\/www.cubaseltiopaco.com\/ca\/camio-cuba\/#breadcrumb\",\"itemListElement\":[{\"@type\":\"ListItem\",\"position\":1,\"name\":\"Portada\",\"item\":\"https:\/\/www.cubaseltiopaco.com\/ca\/\"},{\"@type\":\"ListItem\",\"position\":2,\"name\":\"Cami\u00f3 cuba\"}]},{\"@type\":\"WebSite\",\"@id\":\"https:\/\/www.cubaseltiopaco.com\/ca\/#website\",\"url\":\"https:\/\/www.cubaseltiopaco.com\/ca\/\",\"name\":\"Cubas el tio paco\",\"description\":\"Empresa de desembussos a Barcelona\",\"potentialAction\":[{\"@type\":\"SearchAction\",\"target\":{\"@type\":\"EntryPoint\",\"urlTemplate\":\"https:\/\/www.cubaseltiopaco.com\/ca\/?s={search_term_string}\"},\"query-input\":\"required name=search_term_string\"}],\"inLanguage\":\"ca\"}]}<\/script>\n<!-- \/ Yoast SEO plugin. -->","yoast_head_json":{"title":"Cami\u00f3 cuba Cubes desembussos Barcelona Cami\u00f3 cuba.","description":"CUBAS EL TIO PACO. Cami\u00f3 cuba Barcelona per a desembussos","robots":{"index":"index","follow":"follow","max-snippet":"max-snippet:-1","max-image-preview":"max-image-preview:large","max-video-preview":"max-video-preview:-1"},"canonical":"https:\/\/www.cubaseltiopaco.com\/ca\/camio-cuba\/","og_locale":"ca_ES","og_type":"article","og_title":"Cami\u00f3 cuba Cubes desembussos Barcelona Cami\u00f3 cuba.","og_description":"CUBAS EL TIO PACO. Cami\u00f3 cuba Barcelona per a desembussos","og_url":"https:\/\/www.cubaseltiopaco.com\/ca\/camio-cuba\/","og_site_name":"Cubas el tio paco","article_modified_time":"2023-05-30T11:39:59+00:00","twitter_misc":{"Temps estimat de lectura":"4 minuts"},"schema":{"@context":"https:\/\/schema.org","@graph":[{"@type":"WebPage","@id":"https:\/\/www.cubaseltiopaco.com\/ca\/camio-cuba\/","url":"https:\/\/www.cubaseltiopaco.com\/ca\/camio-cuba\/","name":"Cami\u00f3 cuba Cubes desembussos Barcelona Cami\u00f3 cuba.","isPartOf":{"@id":"https:\/\/www.cubaseltiopaco.com\/ca\/#website"},"datePublished":"2016-01-20T11:43:08+00:00","dateModified":"2023-05-30T11:39:59+00:00","description":"CUBAS EL TIO PACO. Cami\u00f3 cuba Barcelona per a desembussos","breadcrumb":{"@id":"https:\/\/www.cubaseltiopaco.com\/ca\/camio-cuba\/#breadcrumb"},"inLanguage":"ca","potentialAction":[{"@type":"ReadAction","target":["https:\/\/www.cubaseltiopaco.com\/ca\/camio-cuba\/"]}]},{"@type":"BreadcrumbList","@id":"https:\/\/www.cubaseltiopaco.com\/ca\/camio-cuba\/#breadcrumb","itemListElement":[{"@type":"ListItem","position":1,"name":"Portada","item":"https:\/\/www.cubaseltiopaco.com\/ca\/"},{"@type":"ListItem","position":2,"name":"Cami\u00f3 cuba"}]},{"@type":"WebSite","@id":"https:\/\/www.cubaseltiopaco.com\/ca\/#website","url":"https:\/\/www.cubaseltiopaco.com\/ca\/","name":"Cubas el tio paco","description":"Empresa de desembussos a Barcelona","potentialAction":[{"@type":"SearchAction","target":{"@type":"EntryPoint","urlTemplate":"https:\/\/www.cubaseltiopaco.com\/ca\/?s={search_term_string}"},"query-input":"required name=search_term_string"}],"inLanguage":"ca"}]}},"_links":{"self":[{"href":"https:\/\/www.cubaseltiopaco.com\/ca\/wp-json\/wp\/v2\/pages\/3950"}],"collection":[{"href":"https:\/\/www.cubaseltiopaco.com\/ca\/wp-json\/wp\/v2\/pages"}],"about":[{"href":"https:\/\/www.cubaseltiopaco.com\/ca\/wp-json\/wp\/v2\/types\/page"}],"author":[{"embeddable":true,"href":"https:\/\/www.cubaseltiopaco.com\/ca\/wp-json\/wp\/v2\/users\/1"}],"replies":[{"embeddable":true,"href":"https:\/\/www.cubaseltiopaco.com\/ca\/wp-json\/wp\/v2\/comments?post=3950"}],"version-history":[{"count":8,"href":"https:\/\/www.cubaseltiopaco.com\/ca\/wp-json\/wp\/v2\/pages\/3950\/revisions"}],"predecessor-version":[{"id":4704,"href":"https:\/\/www.cubaseltiopaco.com\/ca\/wp-json\/wp\/v2\/pages\/3950\/revisions\/4704"}],"wp:attachment":[{"href":"https:\/\/www.cubaseltiopaco.com\/ca\/wp-json\/wp\/v2\/media?parent=3950"}],"curies":[{"name":"wp","href":"https:\/\/api.w.org\/{rel}","templated":true}]}}