{"id":3954,"date":"2016-01-20T11:52:51","date_gmt":"2016-01-20T11:52:51","guid":{"rendered":"https:\/\/www.cubaseltiopaco.com\/?page_id=3954"},"modified":"2023-05-30T10:57:24","modified_gmt":"2023-05-30T10:57:24","slug":"desembussament-de-canonades","status":"publish","type":"page","link":"https:\/\/www.cubaseltiopaco.com\/ca\/desembussament-de-canonades\/","title":{"rendered":"Desembussament de canonades"},"content":{"rendered":"<div class='flex_column av-63le3m-02bb976933f88189a196485be268b0cc av_one_full  avia-builder-el-0  el_before_av_textblock  avia-builder-el-first  first flex_column_div '   ><style type=\"text\/css\" data-created_by=\"avia_inline_auto\" id=\"style-css-av-3r9roy-9d5fc58b02a9e400be3c1f8672cca444\">\n#top .av-special-heading.av-3r9roy-9d5fc58b02a9e400be3c1f8672cca444{\npadding-bottom:10px;\n}\nbody .av-special-heading.av-3r9roy-9d5fc58b02a9e400be3c1f8672cca444 .av-special-heading-tag .heading-char{\nfont-size:25px;\n}\n.av-special-heading.av-3r9roy-9d5fc58b02a9e400be3c1f8672cca444 .av-subheading{\nfont-size:15px;\n}\n<\/style>\n<div  class='av-special-heading av-3r9roy-9d5fc58b02a9e400be3c1f8672cca444 av-special-heading-h1  avia-builder-el-1  avia-builder-el-no-sibling '><h1 class='av-special-heading-tag'  itemprop=\"headline\"  >Neteja de canonades<\/h1><div class=\"special-heading-border\"><div class=\"special-heading-inner-border\"><\/div><\/div><\/div><\/div>\n<section  class='av_textblock_section av-32xs76-1a7eb260a0686a1627648e4331df441b'  itemscope=\"itemscope\" itemtype=\"https:\/\/schema.org\/CreativeWork\" ><div class='avia_textblock'  itemprop=\"text\" ><p><img loading=\"lazy\" class=\"alignleft wp-image-3610 size-full\" style=\"padding-right: 25px;\" src=\"https:\/\/www.cubaseltiopaco.com\/wp-content\/uploads\/2023\/05\/desatascos_limpiezas_tuberia.jpg\" alt=\"Neteja de canonades\" width=\"411\" height=\"656\" \/>En <strong> Cubas el T\u00edo Paco <\/strong> disposem de tot el necessari per dur a terme qualsevol <strong> desembussament de canonades a Barcelona <\/strong>, ja sigui en comunitats de ve\u00efns, cases particulars, vies p\u00fabliques o en zones industrials.<\/p>\n<p>Les causes d&#8217;obturaci\u00f3 d&#8217;una canonada solen ser degut a dos problemes fonamentals. El primer i m\u00e9s habitual \u00e9s la simple acumulaci\u00f3 de deixalles, greix, fang i fins i tot arrels. I el segon s\u00f3n els defectes estructurals (el trencament de canonades, els enfonsaments, les arquetes mal constru\u00efdes, la manca d&#8217;inclinaci\u00f3, els colzes mal fets, etc.) que no sempre tenen per qu\u00e8 assenyalar una mala instal\u00b7laci\u00f3 del sistema de fontaneria en q\u00fcesti\u00f3 . Sigui com sigui, la soluci\u00f3 sempre passa per realitzar una bona <strong> neteja de canonades <\/strong> i, segons el cas, una petita obra.<\/p>\n<p>Per aix\u00f2, en Cubas l&#8217;Oncle Paco no nom\u00e9s <strong> comptem amb els millors professionals en el sector, dotats d&#8217;una gran experi\u00e8ncia i una formaci\u00f3 especialitzada <\/strong>. Sin\u00f3 que tamb\u00e9 <strong> disposem d&#8217;una \u00e0mplia flota de vehicles capa\u00e7os d&#8217;accedir a qualsevol lloc <\/strong>, per petit o estret que pugui semblar, i realitzar els <strong> desatascos de canonades <\/strong> m\u00e9s dif\u00edcils.<\/p>\n<p>En qualsevol cas, el nostre equip sempre procedir\u00e0 en primer lloc a diagnosticar a qu\u00e8 obeeix l&#8217;origen de l&#8217;emb\u00fas mitjan\u00e7ant els m\u00e9s avan\u00e7ats <strong> sistemes de c\u00e0meres i sondes electr\u00f2niques <\/strong>, fins i tot encara que la causa del problema sembli molt evident a primera vista . D&#8217;aquesta manera, podrem donar-li exactament la soluci\u00f3 que necessita, sense embuts ni pegats que suposin nom\u00e9s un remei temporal al problema. A <a href=\"\/ca\/\">Cubas el T\u00edo Paco<\/a> <strong>li garantim una soluci\u00f3 definitiva i un servei complet i efica\u00e7 <\/strong> que acabi com m\u00e9s aviat millor amb les desagradables mol\u00e8sties que qualsevol tipus d&#8217;emb\u00fas provoca: males olors, inundacions, desguassos i inodors fora de servei, etc.<\/p>\n<h2><strong>Desembussament de canonades<\/strong><\/h2>\n<p>Com pot apreciar a trav\u00e9s de l&#8217;explicaci\u00f3 del nostre procedir, en Cubas el T\u00edo Paco som aut\u00e8ntics especialistes pel que fa a la<a href=\"https:\/\/www.cubaseltiopaco.com\/ca\/neteja-clavegueram\/\"> neteja de clavegueram<\/a> es refereix. No importa on o de quines dimensions sigui l&#8217;emb\u00fas, els nostres professionals estan equipats amb els sistemes m\u00e9s avan\u00e7ats i efectius per poder dur a terme, de manera r\u00e0pida i amb les m\u00ednimes mol\u00e8sties, des d&#8217;un alliberament en la pica d&#8217;una llar fins a la <strong> neteja de canonades industrials <\/strong>.<\/p>\n<p>Amb tot, sabem el molest que resulta un emb\u00fas i, sobretot, les males olors que provoca, per aix\u00f2 el nostre consell \u00e9s que intenti mantenir sempre netes les seves canonades evitant llen\u00e7ar petits objectes que podrien acabar causant una obstrucci\u00f3 (bastonets, tovalloletes d&#8217;un sol \u00fas, escuradents , xiclets, etc.) i col\u00b7locant reixetes especials en els embornals perqu\u00e8 les restes de menjar i els cabells no acabin colant pel desgu\u00e0s i formant un tap. Si b\u00e9 \u00e9s impossible evitar que qualsevol resta acabi baixant per les nostres canonades si reduirem les probabilitats de patir una obstrucci\u00f3, aix\u00ed com la seva gravetat en cas de produir-se. Finalment, hi ha un costum molt senzilla que no necessita de cap procediment especial que ens ser\u00e0 de gran utilitat per escombrar les restes que hi pugui haver a les nostres canonades, es tracta de tirar els p\u00f2sits del caf\u00e8 pel desgu\u00e0s en lloc de a les escombraries, \u00bfsenzill, veritat? I \u00e9s que aquests petits granets gratessin la brut\u00edcia de les parets de les nostres canonades i ens ajudaran a mantenir sempre un flux d&#8217;aigua r\u00e0pid i constant lliure d&#8217;embussos.<\/p>\n<p><strong>POBLACIONS EN LES QUE S&#8217;OFEREIXEN SERVEIS DE NETEJA I DESEMBUSSOS A CANONADES<br \/>\n<\/strong><\/p>\n<p>Hospitalet &#8211; Badalona &#8211; Sabadell &#8211; Terrassa &#8211; Barcelona &#8211; Viladecans &#8211; Sant Cugat &#8211; Cornell\u00e0 &#8211; Begues &#8211; Corbera &#8211; Rub\u00ed &#8211; Sant Boi &#8230;<\/p>\n<\/div><\/section>\n","protected":false},"excerpt":{"rendered":"","protected":false},"author":1,"featured_media":0,"parent":0,"menu_order":0,"comment_status":"open","ping_status":"open","template":"","meta":[],"yoast_head":"<!-- This site is optimized with the Yoast SEO plugin v19.6 - https:\/\/yoast.com\/wordpress\/plugins\/seo\/ -->\n<title>Desembussos canonades Barcelona i neteja de canonades industrials<\/title>\n<meta name=\"description\" content=\"CUBAS EL TIO PACO. Desembussament i neteja de canonades a Barcelona en comunitats de ve\u00efns, cases particulars ia la via p\u00fablica i canonades industrials\" \/>\n<meta name=\"robots\" content=\"index, follow, max-snippet:-1, max-image-preview:large, max-video-preview:-1\" \/>\n<link rel=\"canonical\" href=\"https:\/\/www.cubaseltiopaco.com\/ca\/desembussament-de-canonades\/\" \/>\n<meta property=\"og:locale\" content=\"ca_ES\" \/>\n<meta property=\"og:type\" content=\"article\" \/>\n<meta property=\"og:title\" content=\"Desembussos canonades Barcelona i neteja de canonades industrials\" \/>\n<meta property=\"og:description\" content=\"CUBAS EL TIO PACO. Desembussament i neteja de canonades a Barcelona en comunitats de ve\u00efns, cases particulars ia la via p\u00fablica i canonades industrials\" \/>\n<meta property=\"og:url\" content=\"https:\/\/www.cubaseltiopaco.com\/ca\/desembussament-de-canonades\/\" \/>\n<meta property=\"og:site_name\" content=\"Cubas el tio paco\" \/>\n<meta property=\"article:modified_time\" content=\"2023-05-30T10:57:24+00:00\" \/>\n<meta property=\"og:image\" content=\"https:\/\/www.cubaseltiopaco.com\/wp-content\/uploads\/2023\/05\/desatascos_limpiezas_tuberia.jpg\" \/>\n<meta name=\"twitter:label1\" content=\"Temps estimat de lectura\" \/>\n\t<meta name=\"twitter:data1\" content=\"4 minuts\" \/>\n<script type=\"application\/ld+json\" class=\"yoast-schema-graph\">{\"@context\":\"https:\/\/schema.org\",\"@graph\":[{\"@type\":\"WebPage\",\"@id\":\"https:\/\/www.cubaseltiopaco.com\/ca\/desembussament-de-canonades\/\",\"url\":\"https:\/\/www.cubaseltiopaco.com\/ca\/desembussament-de-canonades\/\",\"name\":\"Desembussos canonades Barcelona i neteja de canonades industrials\",\"isPartOf\":{\"@id\":\"https:\/\/www.cubaseltiopaco.com\/ca\/#website\"},\"datePublished\":\"2016-01-20T11:52:51+00:00\",\"dateModified\":\"2023-05-30T10:57:24+00:00\",\"description\":\"CUBAS EL TIO PACO. Desembussament i neteja de canonades a Barcelona en comunitats de ve\u00efns, cases particulars ia la via p\u00fablica i canonades industrials\",\"breadcrumb\":{\"@id\":\"https:\/\/www.cubaseltiopaco.com\/ca\/desembussament-de-canonades\/#breadcrumb\"},\"inLanguage\":\"ca\",\"potentialAction\":[{\"@type\":\"ReadAction\",\"target\":[\"https:\/\/www.cubaseltiopaco.com\/ca\/desembussament-de-canonades\/\"]}]},{\"@type\":\"BreadcrumbList\",\"@id\":\"https:\/\/www.cubaseltiopaco.com\/ca\/desembussament-de-canonades\/#breadcrumb\",\"itemListElement\":[{\"@type\":\"ListItem\",\"position\":1,\"name\":\"Portada\",\"item\":\"https:\/\/www.cubaseltiopaco.com\/ca\/\"},{\"@type\":\"ListItem\",\"position\":2,\"name\":\"Desembussament de canonades\"}]},{\"@type\":\"WebSite\",\"@id\":\"https:\/\/www.cubaseltiopaco.com\/ca\/#website\",\"url\":\"https:\/\/www.cubaseltiopaco.com\/ca\/\",\"name\":\"Cubas el tio paco\",\"description\":\"Empresa de desembussos a Barcelona\",\"potentialAction\":[{\"@type\":\"SearchAction\",\"target\":{\"@type\":\"EntryPoint\",\"urlTemplate\":\"https:\/\/www.cubaseltiopaco.com\/ca\/?s={search_term_string}\"},\"query-input\":\"required name=search_term_string\"}],\"inLanguage\":\"ca\"}]}<\/script>\n<!-- \/ Yoast SEO plugin. -->","yoast_head_json":{"title":"Desembussos canonades Barcelona i neteja de canonades industrials","description":"CUBAS EL TIO PACO. Desembussament i neteja de canonades a Barcelona en comunitats de ve\u00efns, cases particulars ia la via p\u00fablica i canonades industrials","robots":{"index":"index","follow":"follow","max-snippet":"max-snippet:-1","max-image-preview":"max-image-preview:large","max-video-preview":"max-video-preview:-1"},"canonical":"https:\/\/www.cubaseltiopaco.com\/ca\/desembussament-de-canonades\/","og_locale":"ca_ES","og_type":"article","og_title":"Desembussos canonades Barcelona i neteja de canonades industrials","og_description":"CUBAS EL TIO PACO. Desembussament i neteja de canonades a Barcelona en comunitats de ve\u00efns, cases particulars ia la via p\u00fablica i canonades industrials","og_url":"https:\/\/www.cubaseltiopaco.com\/ca\/desembussament-de-canonades\/","og_site_name":"Cubas el tio paco","article_modified_time":"2023-05-30T10:57:24+00:00","og_image":[{"url":"https:\/\/www.cubaseltiopaco.com\/wp-content\/uploads\/2023\/05\/desatascos_limpiezas_tuberia.jpg"}],"twitter_misc":{"Temps estimat de lectura":"4 minuts"},"schema":{"@context":"https:\/\/schema.org","@graph":[{"@type":"WebPage","@id":"https:\/\/www.cubaseltiopaco.com\/ca\/desembussament-de-canonades\/","url":"https:\/\/www.cubaseltiopaco.com\/ca\/desembussament-de-canonades\/","name":"Desembussos canonades Barcelona i neteja de canonades industrials","isPartOf":{"@id":"https:\/\/www.cubaseltiopaco.com\/ca\/#website"},"datePublished":"2016-01-20T11:52:51+00:00","dateModified":"2023-05-30T10:57:24+00:00","description":"CUBAS EL TIO PACO. Desembussament i neteja de canonades a Barcelona en comunitats de ve\u00efns, cases particulars ia la via p\u00fablica i canonades industrials","breadcrumb":{"@id":"https:\/\/www.cubaseltiopaco.com\/ca\/desembussament-de-canonades\/#breadcrumb"},"inLanguage":"ca","potentialAction":[{"@type":"ReadAction","target":["https:\/\/www.cubaseltiopaco.com\/ca\/desembussament-de-canonades\/"]}]},{"@type":"BreadcrumbList","@id":"https:\/\/www.cubaseltiopaco.com\/ca\/desembussament-de-canonades\/#breadcrumb","itemListElement":[{"@type":"ListItem","position":1,"name":"Portada","item":"https:\/\/www.cubaseltiopaco.com\/ca\/"},{"@type":"ListItem","position":2,"name":"Desembussament de canonades"}]},{"@type":"WebSite","@id":"https:\/\/www.cubaseltiopaco.com\/ca\/#website","url":"https:\/\/www.cubaseltiopaco.com\/ca\/","name":"Cubas el tio paco","description":"Empresa de desembussos a Barcelona","potentialAction":[{"@type":"SearchAction","target":{"@type":"EntryPoint","urlTemplate":"https:\/\/www.cubaseltiopaco.com\/ca\/?s={search_term_string}"},"query-input":"required name=search_term_string"}],"inLanguage":"ca"}]}},"_links":{"self":[{"href":"https:\/\/www.cubaseltiopaco.com\/ca\/wp-json\/wp\/v2\/pages\/3954"}],"collection":[{"href":"https:\/\/www.cubaseltiopaco.com\/ca\/wp-json\/wp\/v2\/pages"}],"about":[{"href":"https:\/\/www.cubaseltiopaco.com\/ca\/wp-json\/wp\/v2\/types\/page"}],"author":[{"embeddable":true,"href":"https:\/\/www.cubaseltiopaco.com\/ca\/wp-json\/wp\/v2\/users\/1"}],"replies":[{"embeddable":true,"href":"https:\/\/www.cubaseltiopaco.com\/ca\/wp-json\/wp\/v2\/comments?post=3954"}],"version-history":[{"count":8,"href":"https:\/\/www.cubaseltiopaco.com\/ca\/wp-json\/wp\/v2\/pages\/3954\/revisions"}],"predecessor-version":[{"id":4690,"href":"https:\/\/www.cubaseltiopaco.com\/ca\/wp-json\/wp\/v2\/pages\/3954\/revisions\/4690"}],"wp:attachment":[{"href":"https:\/\/www.cubaseltiopaco.com\/ca\/wp-json\/wp\/v2\/media?parent=3954"}],"curies":[{"name":"wp","href":"https:\/\/api.w.org\/{rel}","templated":true}]}}