{"id":3958,"date":"2016-01-20T12:07:35","date_gmt":"2016-01-20T12:07:35","guid":{"rendered":"https:\/\/www.cubaseltiopaco.com\/?page_id=3958"},"modified":"2023-05-30T12:08:33","modified_gmt":"2023-05-30T12:08:33","slug":"fosses-septiques","status":"publish","type":"page","link":"https:\/\/www.cubaseltiopaco.com\/ca\/fosses-septiques\/","title":{"rendered":"Fosses s\u00e8ptiques"},"content":{"rendered":"<div id='full_slider_1'  class='avia-fullwidth-slider main_color avia-shadow   avia-builder-el-0  el_before_av_one_full  avia-builder-el-first   container_wrap sidebar_right'  ><div  class='avia-slideshow av-96my52-3544a7a3a91b19677f708b33e811017a av-control-default avia-slideshow-featured av_slideshow_full avia-slide-slider av-default-height-applied   avia-slideshow-1'  data-size='featured'  data-lightbox_size='large'  data-animation='slide'  data-conditional_play=''  data-ids='4713'  data-video_counter='0'  data-autoplay='false'  data-bg_slider='false'  data-slide_height=''  data-handle='av_slideshow_full'  data-interval='5'  data-class=''  data-extra_class=' '  data-el_id=''  data-css_id=''  data-scroll_down=''  data-control_layout='av-control-default'  data-custom_markup=''  data-perma_caption=''  data-autoplay_stopper=''  data-image_attachment=''  data-min_height='0px'  data-lazy_loading='disabled'  data-default-height='28.666666666667'  data-stretch=''  data-src=''  data-position='top left'  data-repeat='no-repeat'  data-attach='scroll'  data-img_scrset=''  data-av-desktop-hide=''  data-av-medium-hide=''  data-av-small-hide=''  data-av-mini-hide=''  data-id=''  data-custom_class=''  data-template_class=''  data-av_uid='av-96my52'  data-sc_version='1.0'  data-heading_tag=''  data-heading_class=''   itemprop=\"image\" itemscope=\"itemscope\" itemtype=\"https:\/\/schema.org\/ImageObject\" ><ul class='avia-slideshow-inner ' style='padding-bottom: 28.666666666667%;'><li  class='avia-slideshow-slide av-96my52-3544a7a3a91b19677f708b33e811017a__0  av-single-slide slide-1 ' ><div data-rel='slideshow-1' class='avia-slide-wrap '   ><img class=\"wp-image-4713 avia-img-lazy-loading-not-4713\"  src=\"https:\/\/www.cubaseltiopaco.com\/ca\/wp-content\/uploads\/2023\/05\/vaciado_limpieza_fosas_septicas_barcelona-1500x430.jpg\" width=\"1500\" height=\"430\" title='vaciado limpieza fosas septicas barcelona' alt='vaciado limpieza fosas septicas barcelona'  itemprop=\"thumbnailUrl\" srcset=\"https:\/\/www.cubaseltiopaco.com\/ca\/wp-content\/uploads\/2023\/05\/vaciado_limpieza_fosas_septicas_barcelona.jpg 1500w, https:\/\/www.cubaseltiopaco.com\/ca\/wp-content\/uploads\/2023\/05\/vaciado_limpieza_fosas_septicas_barcelona-300x86.jpg 300w, https:\/\/www.cubaseltiopaco.com\/ca\/wp-content\/uploads\/2023\/05\/vaciado_limpieza_fosas_septicas_barcelona-1030x295.jpg 1030w, https:\/\/www.cubaseltiopaco.com\/ca\/wp-content\/uploads\/2023\/05\/vaciado_limpieza_fosas_septicas_barcelona-768x220.jpg 768w, https:\/\/www.cubaseltiopaco.com\/ca\/wp-content\/uploads\/2023\/05\/vaciado_limpieza_fosas_septicas_barcelona-705x202.jpg 705w\" sizes=\"(max-width: 1500px) 100vw, 1500px\" \/><\/div><\/li><\/ul><\/div><\/div><div id='after_full_slider_1'  class='main_color av_default_container_wrap container_wrap sidebar_right'  ><div class='container av-section-cont-open' ><div class='template-page content  av-content-small alpha units'><div class='post-entry post-entry-type-page post-entry-3958'><div class='entry-content-wrapper clearfix'>\n<div class='flex_column av-56045i-64aee1e2e37f2798b8e316a31eb95fc6 av_one_full  avia-builder-el-1  el_after_av_slideshow_full  el_before_av_textblock  avia-builder-el-first  first flex_column_div '   ><style type=\"text\/css\" data-created_by=\"avia_inline_auto\" id=\"style-css-av-4r2s0m-51331664945bb468e9441663db6e7090\">\n#top .av-special-heading.av-4r2s0m-51331664945bb468e9441663db6e7090{\npadding-bottom:10px;\n}\nbody .av-special-heading.av-4r2s0m-51331664945bb468e9441663db6e7090 .av-special-heading-tag .heading-char{\nfont-size:25px;\n}\n.av-special-heading.av-4r2s0m-51331664945bb468e9441663db6e7090 .av-subheading{\nfont-size:15px;\n}\n<\/style>\n<div  class='av-special-heading av-4r2s0m-51331664945bb468e9441663db6e7090 av-special-heading-h1  avia-builder-el-2  avia-builder-el-no-sibling '><h1 class='av-special-heading-tag'  itemprop=\"headline\"  > Fosses s\u00e8ptiques<\/h1><div class=\"special-heading-border\"><div class=\"special-heading-inner-border\"><\/div><\/div><\/div><\/div>\n<section  class='av_textblock_section av-2lcupi-3651c8e9d6b251613b27bc6cae33c926'  itemscope=\"itemscope\" itemtype=\"https:\/\/schema.org\/CreativeWork\" ><div class='avia_textblock'  itemprop=\"text\" ><p>Hi ha diversos motius pels quals els pous negres, tamb\u00e9 anomenats pous cecs, han anat substituint-se per <strong> fosses s\u00e8ptiques <\/strong> al llarg dels \u00faltims anys. No obstant aix\u00f2, nosaltres nom\u00e9s citarem els dos m\u00e9s importants. El primer \u00e9s que el pou cec, al contrari que la fossa s\u00e8ptica, no est\u00e0 dissenyat per tractar de cap manera les aig\u00fces negres que produeix una unitat dom\u00e8stica, sin\u00f3 \u00fanicament per contenir-les. I el segon \u00e9s que <strong> nom\u00e9s la fossa s\u00e8ptica assegura la impermeabilitat del seu contingut <\/strong>, \u00e9s a dir, que \u00fanicament aquest tipus d&#8217;unitats impedeixen que les aig\u00fces residuals es filtrin a la terra i contaminin el medi ambient ni les aig\u00fces subterr\u00e0nies.<\/p>\n<p>Gr\u00e0cies a aix\u00f2 podem concloure que la <strong> fossa s\u00e8ptica <\/strong> \u00e9s la manera m\u00e9s segura i ecol\u00f2gica de contenir i tractar les aig\u00fces fecals d&#8217;una -o diverses- unitats dom\u00e8stiques massa allunyades del nucli urb\u00e0 com per poder tenir acc\u00e9s a una xarxa de clavegueram.<\/p>\n<h2><strong>Neteja de fosses s\u00e8ptiques<\/strong><\/h2>\n<p>No obstant aix\u00f2, les fosses s\u00e8ptiques no porten a terme tots els passos del tractament a qu\u00e8 s&#8217;han de sotmetre les aig\u00fces residuals de qualsevol llar, sin\u00f3 que necessiten ser buidades de manera peri\u00f2dica per cisternes per traslladar els residus a un abocador en el qual s&#8217;acabi el proc\u00e9s . La periodicitat amb la qual s&#8217;hagi de dur a terme aquest buidatge ser\u00e0 en funci\u00f3 de la grand\u00e0ria de la fossa en q\u00fcesti\u00f3, aix\u00ed com del nombre d&#8217;habitatges a qu\u00e8 doni servei. D&#8217;aquesta manera, una fossa mitjana que sigui utilitzada per una urbanitzaci\u00f3 sencera ha de ser buidada amb m\u00e9s freq\u00fc\u00e8ncia que una fossa petita que nom\u00e9s presti servei a una casa de camp els amos la visitin \u00fanicament els caps de setmana.<\/p>\n<p>A m\u00e9s, i com qualsevol tipus d&#8217;instal\u00b7laci\u00f3, aquestes unitats de tractament d&#8217;aig\u00fces fecals han de ser sotmesos a un manteniment regular. Per a aix\u00f2, per procedir a la neteja de fosses s\u00e8ptiques, el que es fa \u00e9s aplicar, mitjan\u00e7ant m\u00e0negues, aigua a pressi\u00f3 que alliberin les parets i les canonades de qualsevol resta o residu.<\/p>\n<p>Per descomptat, en Cubas l&#8217;Oncle Paco realitzem aquests dos serveis, tant el buidatge i trasllat de les aig\u00fces residuals com la posterior neteja i manteniment de la fossa s\u00e8ptica. A m\u00e9s, tamb\u00e9 ens encarreguem del buidatge de pous negres. I li interessar\u00e0 saber que per a aquesta classe de serveis, en els que treballem amb aig\u00fces negres, donem <strong> un mes de garantia a tots els nostres clients. <\/strong><\/p>\n<h2><strong>Buidatge de fosses s\u00e8ptiques<\/strong><\/h2>\n<p>No obstant aix\u00f2, ens agradaria insistir en la import\u00e0ncia del manteniment per a una unitat d&#8217;aquestes caracter\u00edstiques. Una neteja de fossa s\u00e8ptica de manera peri\u00f2dica eliminar\u00e0 gaireb\u00e9 totalment qualsevol probabilitat d&#8217;haver de trucar-nos per dur a terme <a href=\"https:\/\/www.cubaseltiopaco.com\/ca\/desembussament-de-canonades\/\">desatascos de canonades<\/a>.<\/p>\n<p>Per descomptat, us recomanem evitar com sigui llan\u00e7ar a l&#8217;inodor oa qualsevol dels embornals de la seva llar residus no org\u00e0nics que entorpeixin el proc\u00e9s de tractament de les aig\u00fces dut a terme a la fossa s\u00e8ptica i augmentin, a m\u00e9s, el risc de patir una obstrucci\u00f3 en les canonades.<\/p>\n<p>Finalment, en Cubas el T\u00edo Paco li oferim un servei complet de buidatge, tractament i desencallat de la seva fossa s\u00e8ptica d&#8217;una manera r\u00e0pida, efica\u00e7 i que li suposi sempre unes mol\u00e8sties nul\u00b7les.<\/p>\n<p><strong>MUNICIPIS EN ELS QUE S&#8217;OFEREIXEN SERVEIS DE BUIDATGE I NETEJA DE FOSSES S\u00c8PTIQUES<br \/>\n<\/strong><\/p>\n<p>Badalona &#8211; Sabadell &#8211; Terrassa &#8211; Martorell &#8211; Barcelona &#8211; Viladecans &#8211; Sant Cugat &#8211; Gav\u00e0 &#8211; Begues &#8211; Corbera de Llobregat &#8211; Rub\u00ed &#8211; Sant Boi &#8230;<\/p>\n<\/div><\/section>\n","protected":false},"excerpt":{"rendered":"","protected":false},"author":1,"featured_media":0,"parent":0,"menu_order":0,"comment_status":"open","ping_status":"open","template":"","meta":[],"yoast_head":"<!-- This site is optimized with the Yoast SEO plugin v19.6 - https:\/\/yoast.com\/wordpress\/plugins\/seo\/ -->\n<title>Buidatge i neteja fosses septiques a Barcelona<\/title>\n<meta name=\"description\" content=\"CUBAS EL TIO PACO. Neteja i buidatge de fosses septiques a Barcelona (pous negres)\" \/>\n<meta name=\"robots\" content=\"index, follow, max-snippet:-1, max-image-preview:large, max-video-preview:-1\" \/>\n<link rel=\"canonical\" href=\"https:\/\/www.cubaseltiopaco.com\/ca\/fosses-septiques\/\" \/>\n<meta property=\"og:locale\" content=\"ca_ES\" \/>\n<meta property=\"og:type\" content=\"article\" \/>\n<meta property=\"og:title\" content=\"Buidatge i neteja fosses septiques a Barcelona\" \/>\n<meta property=\"og:description\" content=\"CUBAS EL TIO PACO. Neteja i buidatge de fosses septiques a Barcelona (pous negres)\" \/>\n<meta property=\"og:url\" content=\"https:\/\/www.cubaseltiopaco.com\/ca\/fosses-septiques\/\" \/>\n<meta property=\"og:site_name\" content=\"Cubas el tio paco\" \/>\n<meta property=\"article:modified_time\" content=\"2023-05-30T12:08:33+00:00\" \/>\n<meta name=\"twitter:label1\" content=\"Temps estimat de lectura\" \/>\n\t<meta name=\"twitter:data1\" content=\"4 minuts\" \/>\n<script type=\"application\/ld+json\" class=\"yoast-schema-graph\">{\"@context\":\"https:\/\/schema.org\",\"@graph\":[{\"@type\":\"WebPage\",\"@id\":\"https:\/\/www.cubaseltiopaco.com\/ca\/fosses-septiques\/\",\"url\":\"https:\/\/www.cubaseltiopaco.com\/ca\/fosses-septiques\/\",\"name\":\"Buidatge i neteja fosses septiques a Barcelona\",\"isPartOf\":{\"@id\":\"https:\/\/www.cubaseltiopaco.com\/ca\/#website\"},\"datePublished\":\"2016-01-20T12:07:35+00:00\",\"dateModified\":\"2023-05-30T12:08:33+00:00\",\"description\":\"CUBAS EL TIO PACO. Neteja i buidatge de fosses septiques a Barcelona (pous negres)\",\"breadcrumb\":{\"@id\":\"https:\/\/www.cubaseltiopaco.com\/ca\/fosses-septiques\/#breadcrumb\"},\"inLanguage\":\"ca\",\"potentialAction\":[{\"@type\":\"ReadAction\",\"target\":[\"https:\/\/www.cubaseltiopaco.com\/ca\/fosses-septiques\/\"]}]},{\"@type\":\"BreadcrumbList\",\"@id\":\"https:\/\/www.cubaseltiopaco.com\/ca\/fosses-septiques\/#breadcrumb\",\"itemListElement\":[{\"@type\":\"ListItem\",\"position\":1,\"name\":\"Portada\",\"item\":\"https:\/\/www.cubaseltiopaco.com\/ca\/\"},{\"@type\":\"ListItem\",\"position\":2,\"name\":\"Fosses s\u00e8ptiques\"}]},{\"@type\":\"WebSite\",\"@id\":\"https:\/\/www.cubaseltiopaco.com\/ca\/#website\",\"url\":\"https:\/\/www.cubaseltiopaco.com\/ca\/\",\"name\":\"Cubas el tio paco\",\"description\":\"Empresa de desembussos a Barcelona\",\"potentialAction\":[{\"@type\":\"SearchAction\",\"target\":{\"@type\":\"EntryPoint\",\"urlTemplate\":\"https:\/\/www.cubaseltiopaco.com\/ca\/?s={search_term_string}\"},\"query-input\":\"required name=search_term_string\"}],\"inLanguage\":\"ca\"}]}<\/script>\n<!-- \/ Yoast SEO plugin. -->","yoast_head_json":{"title":"Buidatge i neteja fosses septiques a Barcelona","description":"CUBAS EL TIO PACO. Neteja i buidatge de fosses septiques a Barcelona (pous negres)","robots":{"index":"index","follow":"follow","max-snippet":"max-snippet:-1","max-image-preview":"max-image-preview:large","max-video-preview":"max-video-preview:-1"},"canonical":"https:\/\/www.cubaseltiopaco.com\/ca\/fosses-septiques\/","og_locale":"ca_ES","og_type":"article","og_title":"Buidatge i neteja fosses septiques a Barcelona","og_description":"CUBAS EL TIO PACO. Neteja i buidatge de fosses septiques a Barcelona (pous negres)","og_url":"https:\/\/www.cubaseltiopaco.com\/ca\/fosses-septiques\/","og_site_name":"Cubas el tio paco","article_modified_time":"2023-05-30T12:08:33+00:00","twitter_misc":{"Temps estimat de lectura":"4 minuts"},"schema":{"@context":"https:\/\/schema.org","@graph":[{"@type":"WebPage","@id":"https:\/\/www.cubaseltiopaco.com\/ca\/fosses-septiques\/","url":"https:\/\/www.cubaseltiopaco.com\/ca\/fosses-septiques\/","name":"Buidatge i neteja fosses septiques a Barcelona","isPartOf":{"@id":"https:\/\/www.cubaseltiopaco.com\/ca\/#website"},"datePublished":"2016-01-20T12:07:35+00:00","dateModified":"2023-05-30T12:08:33+00:00","description":"CUBAS EL TIO PACO. Neteja i buidatge de fosses septiques a Barcelona (pous negres)","breadcrumb":{"@id":"https:\/\/www.cubaseltiopaco.com\/ca\/fosses-septiques\/#breadcrumb"},"inLanguage":"ca","potentialAction":[{"@type":"ReadAction","target":["https:\/\/www.cubaseltiopaco.com\/ca\/fosses-septiques\/"]}]},{"@type":"BreadcrumbList","@id":"https:\/\/www.cubaseltiopaco.com\/ca\/fosses-septiques\/#breadcrumb","itemListElement":[{"@type":"ListItem","position":1,"name":"Portada","item":"https:\/\/www.cubaseltiopaco.com\/ca\/"},{"@type":"ListItem","position":2,"name":"Fosses s\u00e8ptiques"}]},{"@type":"WebSite","@id":"https:\/\/www.cubaseltiopaco.com\/ca\/#website","url":"https:\/\/www.cubaseltiopaco.com\/ca\/","name":"Cubas el tio paco","description":"Empresa de desembussos a Barcelona","potentialAction":[{"@type":"SearchAction","target":{"@type":"EntryPoint","urlTemplate":"https:\/\/www.cubaseltiopaco.com\/ca\/?s={search_term_string}"},"query-input":"required name=search_term_string"}],"inLanguage":"ca"}]}},"_links":{"self":[{"href":"https:\/\/www.cubaseltiopaco.com\/ca\/wp-json\/wp\/v2\/pages\/3958"}],"collection":[{"href":"https:\/\/www.cubaseltiopaco.com\/ca\/wp-json\/wp\/v2\/pages"}],"about":[{"href":"https:\/\/www.cubaseltiopaco.com\/ca\/wp-json\/wp\/v2\/types\/page"}],"author":[{"embeddable":true,"href":"https:\/\/www.cubaseltiopaco.com\/ca\/wp-json\/wp\/v2\/users\/1"}],"replies":[{"embeddable":true,"href":"https:\/\/www.cubaseltiopaco.com\/ca\/wp-json\/wp\/v2\/comments?post=3958"}],"version-history":[{"count":5,"href":"https:\/\/www.cubaseltiopaco.com\/ca\/wp-json\/wp\/v2\/pages\/3958\/revisions"}],"predecessor-version":[{"id":4714,"href":"https:\/\/www.cubaseltiopaco.com\/ca\/wp-json\/wp\/v2\/pages\/3958\/revisions\/4714"}],"wp:attachment":[{"href":"https:\/\/www.cubaseltiopaco.com\/ca\/wp-json\/wp\/v2\/media?parent=3958"}],"curies":[{"name":"wp","href":"https:\/\/api.w.org\/{rel}","templated":true}]}}