{"id":3961,"date":"2016-01-20T12:11:40","date_gmt":"2016-01-20T12:11:40","guid":{"rendered":"https:\/\/www.cubaseltiopaco.com\/?page_id=3961"},"modified":"2023-05-30T10:48:02","modified_gmt":"2023-05-30T10:48:02","slug":"neteja-clavegueram","status":"publish","type":"page","link":"https:\/\/www.cubaseltiopaco.com\/ca\/neteja-clavegueram\/","title":{"rendered":"Neteja clavegueram"},"content":{"rendered":"<div id='full_slider_1'  class='avia-fullwidth-slider main_color avia-shadow   avia-builder-el-0  el_before_av_one_full  avia-builder-el-first   container_wrap sidebar_right'  ><div  class='avia-slideshow av-bfm44p-086cd58636c0666d1f7988d81eac44f6 av-control-default avia-slideshow-featured av_slideshow_full avia-slide-slider av-default-height-applied   avia-slideshow-1'  data-size='featured'  data-lightbox_size='large'  data-animation='slide'  data-conditional_play=''  data-ids='4688'  data-video_counter='0'  data-autoplay='false'  data-bg_slider='false'  data-slide_height=''  data-handle='av_slideshow_full'  data-interval='5'  data-class=''  data-extra_class=' '  data-el_id=''  data-css_id=''  data-scroll_down=''  data-control_layout='av-control-default'  data-custom_markup=''  data-perma_caption=''  data-autoplay_stopper=''  data-image_attachment=''  data-min_height='0px'  data-lazy_loading='disabled'  data-default-height='28.75'  data-stretch=''  data-src=''  data-position='top left'  data-repeat='no-repeat'  data-attach='scroll'  data-img_scrset=''  data-av-desktop-hide=''  data-av-medium-hide=''  data-av-small-hide=''  data-av-mini-hide=''  data-id=''  data-custom_class=''  data-template_class=''  data-av_uid='av-bfm44p'  data-sc_version='1.0'  data-heading_tag=''  data-heading_class=''   itemprop=\"image\" itemscope=\"itemscope\" itemtype=\"https:\/\/schema.org\/ImageObject\" ><ul class='avia-slideshow-inner ' style='padding-bottom: 28.75%;'><li  class='avia-slideshow-slide av-bfm44p-086cd58636c0666d1f7988d81eac44f6__0  av-single-slide slide-1 ' ><div data-rel='slideshow-1' class='avia-slide-wrap '   ><img class=\"wp-image-4688 avia-img-lazy-loading-not-4688\"  src=\"https:\/\/www.cubaseltiopaco.com\/ca\/wp-content\/uploads\/2023\/05\/limpieza_alcantarillado.jpg\" width=\"1200\" height=\"345\" title='limpieza alcantarillado' alt='limpieza alcantarillado'  itemprop=\"thumbnailUrl\" srcset=\"https:\/\/www.cubaseltiopaco.com\/ca\/wp-content\/uploads\/2023\/05\/limpieza_alcantarillado.jpg 1200w, https:\/\/www.cubaseltiopaco.com\/ca\/wp-content\/uploads\/2023\/05\/limpieza_alcantarillado-300x86.jpg 300w, https:\/\/www.cubaseltiopaco.com\/ca\/wp-content\/uploads\/2023\/05\/limpieza_alcantarillado-1030x296.jpg 1030w, https:\/\/www.cubaseltiopaco.com\/ca\/wp-content\/uploads\/2023\/05\/limpieza_alcantarillado-768x221.jpg 768w, https:\/\/www.cubaseltiopaco.com\/ca\/wp-content\/uploads\/2023\/05\/limpieza_alcantarillado-705x203.jpg 705w\" sizes=\"(max-width: 1200px) 100vw, 1200px\" \/><\/div><\/li><\/ul><\/div><\/div><div id='after_full_slider_1'  class='main_color av_default_container_wrap container_wrap sidebar_right'  ><div class='container av-section-cont-open' ><div class='template-page content  av-content-small alpha units'><div class='post-entry post-entry-type-page post-entry-3961'><div class='entry-content-wrapper clearfix'>\n<div class='flex_column av-7zmt49-9f6ee4893728b0e1a845a741bea49cea av_one_full  avia-builder-el-1  el_after_av_slideshow_full  el_before_av_one_full  avia-builder-el-first  first flex_column_div '   ><\/div>\n<div class='flex_column av-6772bd-bd3548b8fff1ef62674f56dc1d8d97b8 av_one_full  avia-builder-el-2  el_after_av_one_full  el_before_av_textblock  first flex_column_div column-top-margin'   ><style type=\"text\/css\" data-created_by=\"avia_inline_auto\" id=\"style-css-av-4fkgw9-256bf4b43912a817b041823303e3b011\">\n#top .av-special-heading.av-4fkgw9-256bf4b43912a817b041823303e3b011{\npadding-bottom:10px;\n}\nbody .av-special-heading.av-4fkgw9-256bf4b43912a817b041823303e3b011 .av-special-heading-tag .heading-char{\nfont-size:25px;\n}\n.av-special-heading.av-4fkgw9-256bf4b43912a817b041823303e3b011 .av-subheading{\nfont-size:15px;\n}\n<\/style>\n<div  class='av-special-heading av-4fkgw9-256bf4b43912a817b041823303e3b011 av-special-heading-h1  avia-builder-el-3  avia-builder-el-no-sibling '><h1 class='av-special-heading-tag'  itemprop=\"headline\"  > Neteja clavegueram<\/h1><div class=\"special-heading-border\"><div class=\"special-heading-inner-border\"><\/div><\/div><\/div><\/div>\n<section  class='av_textblock_section av-2803m1-3e8e558730eb79ab323a0dc379e1c6df'  itemscope=\"itemscope\" itemtype=\"https:\/\/schema.org\/CreativeWork\" ><div class='avia_textblock'  itemprop=\"text\" ><p>Una xarxa de clavegueram, composta per un complex sistema de canals i canonades, t\u00e9 com a \u00fanica finalitat recollir i transportar tant les aig\u00fces pluvials com les residuals d&#8217;un nucli urb\u00e0 des del lloc en el qual s&#8217;originen fins a l&#8217;estaci\u00f3 depuradora encarregada de tractar-les.<\/p>\n<p>Salta a la vista, per tant, la import\u00e0ncia que cobren les tasques de neteja de clavegueram que empreses com la nostra realitzem de manera peri\u00f2dica. Un clavegueram net i lliure d&#8217;elements i residus que puguin convertir-se en la causa d&#8217;una obstrucci\u00f3 \u00e9s essencial per evitar inundacions -o encara pitjor, el vessament d&#8217;aig\u00fces residuals- i assegurar d&#8217;aquesta manera la qualitat de vida de la poblaci\u00f3 en q\u00fcesti\u00f3 i la salubritat del seu entorn.<br \/>\nCami\u00f3 de neteja<\/p>\n<p>Per dur a terme aquestes tasques de neteja en Cubas l&#8217;Oncle Paco comptem amb tot el necessari, des de robots amb c\u00e0meres d&#8217;inspecci\u00f3 clavegueram fins a camions que s&#8217;ocupin d&#8217;absorbir i transportar les aig\u00fces residuals a l&#8217;estaci\u00f3 depuradora m\u00e9s propera.<\/p>\n<p>D&#8217;una banda, les c\u00e0meres d&#8217;inspecci\u00f3 ens ajudaran a comprovar -ja mostrarle- que tot estigui en ordre i que no s&#8217;hagi produ\u00eft cap fissura, obstrucci\u00f3 o enfonsament en les canonades i canals de la xarxa de sanejament. Al cap ia la fi, de res serveix netejar un sistema de clavegueram si resulta que ens deixem pel cam\u00ed una canonada trencada o un tamponament per arrels. \u00c9s a dir, no es tracta \u00fanicament de netejar, sin\u00f3 de mantenir l&#8217;estructura subterr\u00e0nia de sistema de clavegueram en perfectes condicions per poder assegurar el seu bon funcionament durant molts anys m\u00e9s.<\/p>\n<p>I de l&#8217;altra, el cami\u00f3 de neteja clavegueram, un cop realitzada la inspecci\u00f3 de rigor a trav\u00e9s de la c\u00e0mera i localitzats els possibles danys estructurals de la xarxa de clavegueram, ser\u00e0 l&#8217;encarregat de mantenir, buidar, desembussar i netejar les clavegueres, aix\u00ed com de transportar les aig\u00fces residuals recollides a les plantes de tractament.<\/p>\n<p>En Cubas el T\u00edo Paco oferim un complet servei de revisi\u00f3 i manteniment peri\u00f2dic de les xarxes de clavegueram que inclou accions tan b\u00e0siques com el reconeixement, la neteja, la localitzaci\u00f3 de qualsevol tipus de problema -roturas, obturacions, fuites, enfonsaments, etc. i la seva reparaci\u00f3. A m\u00e9s, disposem de contractes amb tarifes especials per a empreses, comunitats, administradors de finques i ajuntaments, ajudant aix\u00ed als nostres clients a estalviar sense que hagin de renunciar a l&#8217;efic\u00e0cia i la professionalitat d&#8217;un treball ben fet. Per descomptat, la nostra empresa s&#8217;encarrega de prestar servei a tot tipus d&#8217;instal\u00b7lacions, aix\u00ed que no dubti en posar-se en contacte amb nosaltres per consultar els nostres serveis i tarifes.<\/p>\n<p>I recordeu que una revisi\u00f3 peri\u00f2dica pot evitar molt\u00edssims mals de cap i un gran alleujament a la butxaca. Despr\u00e9s de tot, una petita fissura detectada i reparada a temps pot evitar que, si no se soluciona quan encara \u00e9s petita, derivi en un problema encara m\u00e9s gran per al que s&#8217;hagi de desemborsar una important suma de diners i que, a m\u00e9s, provoqui grans mol\u00e8sties: males olors, emb\u00fas de v\u00e0ters, vessament d&#8217;aig\u00fces residuals, etc.<\/p>\n<p>MUNICIPIS EN ELS QUE S&#8217;OFEREIXEN SERVEIS DE NETEJA DE XARXES DE CLAVEGUERAM<\/p>\n<p>Hospitalet de Llobregat &#8211; Badalona &#8211; Terrassa &#8211; Martorell &#8211; Barcelona &#8211; Viladecans &#8211; Sant Cugat &#8211; Cornell\u00e0 &#8211; Gav\u00e0 &#8211; Begues &#8211; Rub\u00ed &#8211; Sant Boi &#8230;<\/p>\n<\/div><\/section>\n","protected":false},"excerpt":{"rendered":"","protected":false},"author":1,"featured_media":0,"parent":0,"menu_order":0,"comment_status":"open","ping_status":"open","template":"","meta":[],"yoast_head":"<!-- This site is optimized with the Yoast SEO plugin v19.6 - https:\/\/yoast.com\/wordpress\/plugins\/seo\/ -->\n<title>Cami\u00f3 neteja clavegueram<\/title>\n<meta name=\"description\" content=\"CUBAS EL TIO PACO. Neteja de clavegueram a Barcelona i c\u00e0meres d&#039;inspecci\u00f3 de clavegueram\" \/>\n<meta name=\"robots\" content=\"index, follow, max-snippet:-1, max-image-preview:large, max-video-preview:-1\" \/>\n<link rel=\"canonical\" href=\"https:\/\/www.cubaseltiopaco.com\/ca\/neteja-clavegueram\/\" \/>\n<meta property=\"og:locale\" content=\"ca_ES\" \/>\n<meta property=\"og:type\" content=\"article\" \/>\n<meta property=\"og:title\" content=\"Cami\u00f3 neteja clavegueram\" \/>\n<meta property=\"og:description\" content=\"CUBAS EL TIO PACO. Neteja de clavegueram a Barcelona i c\u00e0meres d&#039;inspecci\u00f3 de clavegueram\" \/>\n<meta property=\"og:url\" content=\"https:\/\/www.cubaseltiopaco.com\/ca\/neteja-clavegueram\/\" \/>\n<meta property=\"og:site_name\" content=\"Cubas el tio paco\" \/>\n<meta property=\"article:modified_time\" content=\"2023-05-30T10:48:02+00:00\" \/>\n<meta name=\"twitter:label1\" content=\"Temps estimat de lectura\" \/>\n\t<meta name=\"twitter:data1\" content=\"4 minuts\" \/>\n<script type=\"application\/ld+json\" class=\"yoast-schema-graph\">{\"@context\":\"https:\/\/schema.org\",\"@graph\":[{\"@type\":\"WebPage\",\"@id\":\"https:\/\/www.cubaseltiopaco.com\/ca\/neteja-clavegueram\/\",\"url\":\"https:\/\/www.cubaseltiopaco.com\/ca\/neteja-clavegueram\/\",\"name\":\"Cami\u00f3 neteja clavegueram\",\"isPartOf\":{\"@id\":\"https:\/\/www.cubaseltiopaco.com\/ca\/#website\"},\"datePublished\":\"2016-01-20T12:11:40+00:00\",\"dateModified\":\"2023-05-30T10:48:02+00:00\",\"description\":\"CUBAS EL TIO PACO. Neteja de clavegueram a Barcelona i c\u00e0meres d'inspecci\u00f3 de clavegueram\",\"breadcrumb\":{\"@id\":\"https:\/\/www.cubaseltiopaco.com\/ca\/neteja-clavegueram\/#breadcrumb\"},\"inLanguage\":\"ca\",\"potentialAction\":[{\"@type\":\"ReadAction\",\"target\":[\"https:\/\/www.cubaseltiopaco.com\/ca\/neteja-clavegueram\/\"]}]},{\"@type\":\"BreadcrumbList\",\"@id\":\"https:\/\/www.cubaseltiopaco.com\/ca\/neteja-clavegueram\/#breadcrumb\",\"itemListElement\":[{\"@type\":\"ListItem\",\"position\":1,\"name\":\"Portada\",\"item\":\"https:\/\/www.cubaseltiopaco.com\/ca\/\"},{\"@type\":\"ListItem\",\"position\":2,\"name\":\"Neteja clavegueram\"}]},{\"@type\":\"WebSite\",\"@id\":\"https:\/\/www.cubaseltiopaco.com\/ca\/#website\",\"url\":\"https:\/\/www.cubaseltiopaco.com\/ca\/\",\"name\":\"Cubas el tio paco\",\"description\":\"Empresa de desembussos a Barcelona\",\"potentialAction\":[{\"@type\":\"SearchAction\",\"target\":{\"@type\":\"EntryPoint\",\"urlTemplate\":\"https:\/\/www.cubaseltiopaco.com\/ca\/?s={search_term_string}\"},\"query-input\":\"required name=search_term_string\"}],\"inLanguage\":\"ca\"}]}<\/script>\n<!-- \/ Yoast SEO plugin. -->","yoast_head_json":{"title":"Cami\u00f3 neteja clavegueram","description":"CUBAS EL TIO PACO. Neteja de clavegueram a Barcelona i c\u00e0meres d'inspecci\u00f3 de clavegueram","robots":{"index":"index","follow":"follow","max-snippet":"max-snippet:-1","max-image-preview":"max-image-preview:large","max-video-preview":"max-video-preview:-1"},"canonical":"https:\/\/www.cubaseltiopaco.com\/ca\/neteja-clavegueram\/","og_locale":"ca_ES","og_type":"article","og_title":"Cami\u00f3 neteja clavegueram","og_description":"CUBAS EL TIO PACO. Neteja de clavegueram a Barcelona i c\u00e0meres d'inspecci\u00f3 de clavegueram","og_url":"https:\/\/www.cubaseltiopaco.com\/ca\/neteja-clavegueram\/","og_site_name":"Cubas el tio paco","article_modified_time":"2023-05-30T10:48:02+00:00","twitter_misc":{"Temps estimat de lectura":"4 minuts"},"schema":{"@context":"https:\/\/schema.org","@graph":[{"@type":"WebPage","@id":"https:\/\/www.cubaseltiopaco.com\/ca\/neteja-clavegueram\/","url":"https:\/\/www.cubaseltiopaco.com\/ca\/neteja-clavegueram\/","name":"Cami\u00f3 neteja clavegueram","isPartOf":{"@id":"https:\/\/www.cubaseltiopaco.com\/ca\/#website"},"datePublished":"2016-01-20T12:11:40+00:00","dateModified":"2023-05-30T10:48:02+00:00","description":"CUBAS EL TIO PACO. Neteja de clavegueram a Barcelona i c\u00e0meres d'inspecci\u00f3 de clavegueram","breadcrumb":{"@id":"https:\/\/www.cubaseltiopaco.com\/ca\/neteja-clavegueram\/#breadcrumb"},"inLanguage":"ca","potentialAction":[{"@type":"ReadAction","target":["https:\/\/www.cubaseltiopaco.com\/ca\/neteja-clavegueram\/"]}]},{"@type":"BreadcrumbList","@id":"https:\/\/www.cubaseltiopaco.com\/ca\/neteja-clavegueram\/#breadcrumb","itemListElement":[{"@type":"ListItem","position":1,"name":"Portada","item":"https:\/\/www.cubaseltiopaco.com\/ca\/"},{"@type":"ListItem","position":2,"name":"Neteja clavegueram"}]},{"@type":"WebSite","@id":"https:\/\/www.cubaseltiopaco.com\/ca\/#website","url":"https:\/\/www.cubaseltiopaco.com\/ca\/","name":"Cubas el tio paco","description":"Empresa de desembussos a Barcelona","potentialAction":[{"@type":"SearchAction","target":{"@type":"EntryPoint","urlTemplate":"https:\/\/www.cubaseltiopaco.com\/ca\/?s={search_term_string}"},"query-input":"required name=search_term_string"}],"inLanguage":"ca"}]}},"_links":{"self":[{"href":"https:\/\/www.cubaseltiopaco.com\/ca\/wp-json\/wp\/v2\/pages\/3961"}],"collection":[{"href":"https:\/\/www.cubaseltiopaco.com\/ca\/wp-json\/wp\/v2\/pages"}],"about":[{"href":"https:\/\/www.cubaseltiopaco.com\/ca\/wp-json\/wp\/v2\/types\/page"}],"author":[{"embeddable":true,"href":"https:\/\/www.cubaseltiopaco.com\/ca\/wp-json\/wp\/v2\/users\/1"}],"replies":[{"embeddable":true,"href":"https:\/\/www.cubaseltiopaco.com\/ca\/wp-json\/wp\/v2\/comments?post=3961"}],"version-history":[{"count":4,"href":"https:\/\/www.cubaseltiopaco.com\/ca\/wp-json\/wp\/v2\/pages\/3961\/revisions"}],"predecessor-version":[{"id":4689,"href":"https:\/\/www.cubaseltiopaco.com\/ca\/wp-json\/wp\/v2\/pages\/3961\/revisions\/4689"}],"wp:attachment":[{"href":"https:\/\/www.cubaseltiopaco.com\/ca\/wp-json\/wp\/v2\/media?parent=3961"}],"curies":[{"name":"wp","href":"https:\/\/api.w.org\/{rel}","templated":true}]}}