{"id":3978,"date":"2016-01-20T12:55:54","date_gmt":"2016-01-20T12:55:54","guid":{"rendered":"https:\/\/www.cubaseltiopaco.com\/?page_id=3978"},"modified":"2023-05-31T09:59:04","modified_gmt":"2023-05-31T09:59:04","slug":"historia-empresa","status":"publish","type":"page","link":"https:\/\/www.cubaseltiopaco.com\/ca\/historia-empresa\/","title":{"rendered":"Hist\u00f2ria"},"content":{"rendered":"<div id='av-layout-grid-1'  class='av-layout-grid-container av-kuch22-3f4362ca3a6e497613b4bfb997f3b4dc entry-content-wrapper main_color av-flex-cells  avia-builder-el-0  el_before_av_one_full  avia-builder-el-first   container_wrap sidebar_right'  >\n\n<style type=\"text\/css\" data-created_by=\"avia_inline_auto\" id=\"style-css-av-1u8zju-566dc18c09251af2b041f7e74b0ab78c\">\n.flex_cell.av-1u8zju-566dc18c09251af2b041f7e74b0ab78c{\nvertical-align:top;\npadding:30px 30px 30px 30px;\n}\n<\/style>\n<div class='flex_cell av_one_fifth av-1u8zju-566dc18c09251af2b041f7e74b0ab78c no_margin  avia-builder-el-1  el_before_av_cell_three_fifth  avia-builder-el-first ' ><div class='flex_cell_inner'><\/div><\/div>\n<style type=\"text\/css\" data-created_by=\"avia_inline_auto\" id=\"style-css-av-gwtqka-202c600ca17c482c7117fd3a61de6cf6\">\n.flex_cell.av-gwtqka-202c600ca17c482c7117fd3a61de6cf6{\nvertical-align:top;\npadding:30px 30px 30px 30px;\n}\n<\/style>\n<div class='flex_cell av_three_fifth av-gwtqka-202c600ca17c482c7117fd3a61de6cf6 no_margin  avia-builder-el-2  el_after_av_cell_one_fifth  el_before_av_cell_one_fifth ' ><div class='flex_cell_inner'><div  class='avia-slideshow av-g1bh8a-eb98985d72f54bce4cfae5df5d039df1 av-control-default avia-slideshow-masonry av_slideshow avia-slide-slider  avia-builder-el-3  avia-builder-el-no-sibling  av-default-height-applied avia-slideshow-1'  data-size='masonry'  data-lightbox_size='large'  data-animation='slide'  data-conditional_play=''  data-ids='4057,4058,4731,4060'  data-video_counter='0'  data-autoplay='true'  data-bg_slider='false'  data-slide_height=''  data-handle='av_slideshow'  data-interval='5'  data-class=' avia-builder-el-3  avia-builder-el-no-sibling '  data-extra_class=''  data-el_id=''  data-css_id=''  data-scroll_down=''  data-control_layout='av-control-default'  data-custom_markup=''  data-perma_caption=''  data-autoplay_stopper=''  data-image_attachment=''  data-min_height='0px'  data-lazy_loading='disabled'  data-default-height='67.857142857143'  data-img_scrset=''  data-av-desktop-hide=''  data-av-medium-hide=''  data-av-small-hide=''  data-av-mini-hide=''  data-alb_description=''  data-id=''  data-custom_class=''  data-template_class=''  data-av_uid='av-g1bh8a'  data-sc_version='1.0'  data-heading_tag=''  data-heading_class=''   itemprop=\"image\" itemscope=\"itemscope\" itemtype=\"https:\/\/schema.org\/ImageObject\" ><ul class='avia-slideshow-inner ' style='padding-bottom: 67.857142857143%;'><li  class='avia-slideshow-slide av-g1bh8a-eb98985d72f54bce4cfae5df5d039df1__0  slide-1 ' ><div data-rel='slideshow-1' class='avia-slide-wrap '   ><img class=\"wp-image-4057 avia-img-lazy-loading-not-4057\"  src=\"https:\/\/www.cubaseltiopaco.com\/ca\/wp-content\/uploads\/2016\/01\/1_man-149517c79c.jpg\" width=\"700\" height=\"475\" title='1_man-149517c79c' alt='camion el tio paco'  itemprop=\"thumbnailUrl\" srcset=\"https:\/\/www.cubaseltiopaco.com\/ca\/wp-content\/uploads\/2016\/01\/1_man-149517c79c.jpg 700w, https:\/\/www.cubaseltiopaco.com\/ca\/wp-content\/uploads\/2016\/01\/1_man-149517c79c-300x203.jpg 300w, https:\/\/www.cubaseltiopaco.com\/ca\/wp-content\/uploads\/2016\/01\/1_man-149517c79c-450x305.jpg 450w\" sizes=\"(max-width: 700px) 100vw, 700px\" \/><\/div><\/li><li  class='avia-slideshow-slide av-g1bh8a-eb98985d72f54bce4cfae5df5d039df1__1  slide-2 ' ><div data-rel='slideshow-1' class='avia-slide-wrap '   ><img class=\"wp-image-4058 avia-img-lazy-loading-not-4058\"  src=\"https:\/\/www.cubaseltiopaco.com\/ca\/wp-content\/uploads\/2016\/01\/2_man-pegaso-e11af03099.jpg\" width=\"700\" height=\"475\" title='2_man-pegaso-e11af03099' alt='camiones historia'  itemprop=\"thumbnailUrl\" srcset=\"https:\/\/www.cubaseltiopaco.com\/ca\/wp-content\/uploads\/2016\/01\/2_man-pegaso-e11af03099.jpg 700w, https:\/\/www.cubaseltiopaco.com\/ca\/wp-content\/uploads\/2016\/01\/2_man-pegaso-e11af03099-300x203.jpg 300w, https:\/\/www.cubaseltiopaco.com\/ca\/wp-content\/uploads\/2016\/01\/2_man-pegaso-e11af03099-450x305.jpg 450w\" sizes=\"(max-width: 700px) 100vw, 700px\" \/><\/div><\/li><li  class='avia-slideshow-slide av-g1bh8a-eb98985d72f54bce4cfae5df5d039df1__2  slide-3 ' ><div data-rel='slideshow-1' class='avia-slide-wrap '   ><img class=\"wp-image-4731 avia-img-lazy-loading-not-4731\"  src=\"https:\/\/www.cubaseltiopaco.com\/ca\/wp-content\/uploads\/2023\/05\/historia_empresa_cubas_el_tio_paco_3.jpg\" width=\"700\" height=\"475\" title='historia empresa cubas el tio paco 3' alt='historia empresa cubas el tio paco 3'  itemprop=\"thumbnailUrl\" srcset=\"https:\/\/www.cubaseltiopaco.com\/ca\/wp-content\/uploads\/2023\/05\/historia_empresa_cubas_el_tio_paco_3.jpg 700w, https:\/\/www.cubaseltiopaco.com\/ca\/wp-content\/uploads\/2023\/05\/historia_empresa_cubas_el_tio_paco_3-300x204.jpg 300w\" sizes=\"(max-width: 700px) 100vw, 700px\" \/><\/div><\/li><li  class='avia-slideshow-slide av-g1bh8a-eb98985d72f54bce4cfae5df5d039df1__3  slide-4 ' ><div data-rel='slideshow-1' class='avia-slide-wrap '   ><img class=\"wp-image-4060 avia-img-lazy-loading-not-4060\"  src=\"https:\/\/www.cubaseltiopaco.com\/ca\/wp-content\/uploads\/2016\/01\/4_mercedes-be84c1478e.jpg\" width=\"700\" height=\"475\" title='4_mercedes-be84c1478e' alt='veh\u00edculo mercedes'  itemprop=\"thumbnailUrl\" srcset=\"https:\/\/www.cubaseltiopaco.com\/ca\/wp-content\/uploads\/2016\/01\/4_mercedes-be84c1478e.jpg 700w, https:\/\/www.cubaseltiopaco.com\/ca\/wp-content\/uploads\/2016\/01\/4_mercedes-be84c1478e-300x203.jpg 300w, https:\/\/www.cubaseltiopaco.com\/ca\/wp-content\/uploads\/2016\/01\/4_mercedes-be84c1478e-450x305.jpg 450w\" sizes=\"(max-width: 700px) 100vw, 700px\" \/><\/div><\/li><\/ul><div class='avia-slideshow-arrows avia-slideshow-controls' ><a href='#prev' class='prev-slide ' aria-hidden='true' data-av_icon='\ue87c' data-av_iconfont='entypo-fontello'  tabindex='-1'>Anterior<\/a><a href='#next' class='next-slide ' aria-hidden='true' data-av_icon='\ue87d' data-av_iconfont='entypo-fontello'  tabindex='-1'>Seg\u00fcent<\/a><\/div><div class='avia-slideshow-dots avia-slideshow-controls'><a href='#1' class='goto-slide active' >1<\/a><a href='#2' class='goto-slide ' >2<\/a><a href='#3' class='goto-slide ' >3<\/a><a href='#4' class='goto-slide ' >4<\/a><\/div><\/div>\n<\/div><\/div>\n<style type=\"text\/css\" data-created_by=\"avia_inline_auto\" id=\"style-css-av-84nhre-79bd5209f7cd4e395b1f936391794063\">\n.flex_cell.av-84nhre-79bd5209f7cd4e395b1f936391794063{\nvertical-align:top;\npadding:30px 30px 30px 30px;\n}\n<\/style>\n<div class='flex_cell av_one_fifth av-84nhre-79bd5209f7cd4e395b1f936391794063 no_margin  avia-builder-el-4  el_after_av_cell_three_fifth  avia-builder-el-last ' ><div class='flex_cell_inner'><\/div><\/div><\/div><div id='after_grid_row_1'  class='main_color av_default_container_wrap container_wrap sidebar_right'  ><div class='container av-section-cont-open' ><div class='template-page content  av-content-small alpha units'><div class='post-entry post-entry-type-page post-entry-3978'><div class='entry-content-wrapper clearfix'><div class='flex_column av-5tk8kq-d6b8c86223ce096effd70739d6ced57f av_one_full  avia-builder-el-5  el_after_av_layout_row  avia-builder-el-no-sibling  first flex_column_div '   ><p>\n<style type=\"text\/css\" data-created_by=\"avia_inline_auto\" id=\"style-css-av-486wq2-aa8dd6d38ddbf8d04c33d7399f5cb001\">\n#top .av-special-heading.av-486wq2-aa8dd6d38ddbf8d04c33d7399f5cb001{\npadding-bottom:10px;\n}\nbody .av-special-heading.av-486wq2-aa8dd6d38ddbf8d04c33d7399f5cb001 .av-special-heading-tag .heading-char{\nfont-size:25px;\n}\n.av-special-heading.av-486wq2-aa8dd6d38ddbf8d04c33d7399f5cb001 .av-subheading{\nfont-size:15px;\n}\n<\/style>\n<div  class='av-special-heading av-486wq2-aa8dd6d38ddbf8d04c33d7399f5cb001 av-special-heading-h1  avia-builder-el-6  el_before_av_textblock  avia-builder-el-first '><h1 class='av-special-heading-tag'  itemprop=\"headline\"  >Hist\u00f2ria<\/h1><div class=\"special-heading-border\"><div class=\"special-heading-inner-border\"><\/div><\/div><\/div><br \/>\n<section  class='av_textblock_section av-33jfje-f8a443e89bf490a565a87e4043b960e8'  itemscope=\"itemscope\" itemtype=\"https:\/\/schema.org\/CreativeWork\" ><div class='avia_textblock'  itemprop=\"text\" ><h3 class=\"module-title\">La empresa<\/h3>\n<p>La empresa Cubas el Tio Paco 2000 S.L. neix alla pels anys 60 de m\u00e0 de Francisco Girona, a la ciutat de Viladecans. Aquesta s\u00f2lida empresa s&#8217;ha caracteritzat per l&#8217;actualitzaci\u00f3 constant durant el pas dels anys. En <strong> 1964 <\/strong> adquireix el seu primer vehicle a motor i avui compta amb moderns i potents vehicles preparats per a la neteja i transport de tot tipus de residus l\u00edquids, que al costat dels equips de v\u00eddeo inspecci\u00f3 i sondes donen solucions completes als clients de tota la vida.<\/p>\n<\/div><\/section><\/p><\/div><\/p>\n","protected":false},"excerpt":{"rendered":"","protected":false},"author":1,"featured_media":0,"parent":0,"menu_order":0,"comment_status":"open","ping_status":"open","template":"","meta":[],"yoast_head":"<!-- This site is optimized with the Yoast SEO plugin v19.6 - https:\/\/yoast.com\/wordpress\/plugins\/seo\/ -->\n<title>Hist\u00f2ria<\/title>\n<meta name=\"description\" content=\"La empresa Cubas el Tio Paco 2000 S.L. neix alla pels anys 60 de m\u00e0 de Francisco Girona, a la ciutat de Viladecans\" \/>\n<meta name=\"robots\" content=\"index, follow, max-snippet:-1, max-image-preview:large, max-video-preview:-1\" \/>\n<link rel=\"canonical\" href=\"https:\/\/www.cubaseltiopaco.com\/ca\/historia-empresa\/\" \/>\n<meta property=\"og:locale\" content=\"ca_ES\" \/>\n<meta property=\"og:type\" content=\"article\" \/>\n<meta property=\"og:title\" content=\"Hist\u00f2ria\" \/>\n<meta property=\"og:description\" content=\"La empresa Cubas el Tio Paco 2000 S.L. neix alla pels anys 60 de m\u00e0 de Francisco Girona, a la ciutat de Viladecans\" \/>\n<meta property=\"og:url\" content=\"https:\/\/www.cubaseltiopaco.com\/ca\/historia-empresa\/\" \/>\n<meta property=\"og:site_name\" content=\"Cubas el tio paco\" \/>\n<meta property=\"article:modified_time\" content=\"2023-05-31T09:59:04+00:00\" \/>\n<meta name=\"twitter:label1\" content=\"Temps estimat de lectura\" \/>\n\t<meta name=\"twitter:data1\" content=\"1 minut\" \/>\n<script type=\"application\/ld+json\" class=\"yoast-schema-graph\">{\"@context\":\"https:\/\/schema.org\",\"@graph\":[{\"@type\":\"WebPage\",\"@id\":\"https:\/\/www.cubaseltiopaco.com\/ca\/historia-empresa\/\",\"url\":\"https:\/\/www.cubaseltiopaco.com\/ca\/historia-empresa\/\",\"name\":\"Hist\u00f2ria\",\"isPartOf\":{\"@id\":\"https:\/\/www.cubaseltiopaco.com\/ca\/#website\"},\"datePublished\":\"2016-01-20T12:55:54+00:00\",\"dateModified\":\"2023-05-31T09:59:04+00:00\",\"description\":\"La empresa Cubas el Tio Paco 2000 S.L. neix alla pels anys 60 de m\u00e0 de Francisco Girona, a la ciutat de Viladecans\",\"breadcrumb\":{\"@id\":\"https:\/\/www.cubaseltiopaco.com\/ca\/historia-empresa\/#breadcrumb\"},\"inLanguage\":\"ca\",\"potentialAction\":[{\"@type\":\"ReadAction\",\"target\":[\"https:\/\/www.cubaseltiopaco.com\/ca\/historia-empresa\/\"]}]},{\"@type\":\"BreadcrumbList\",\"@id\":\"https:\/\/www.cubaseltiopaco.com\/ca\/historia-empresa\/#breadcrumb\",\"itemListElement\":[{\"@type\":\"ListItem\",\"position\":1,\"name\":\"Portada\",\"item\":\"https:\/\/www.cubaseltiopaco.com\/ca\/\"},{\"@type\":\"ListItem\",\"position\":2,\"name\":\"Hist\u00f2ria\"}]},{\"@type\":\"WebSite\",\"@id\":\"https:\/\/www.cubaseltiopaco.com\/ca\/#website\",\"url\":\"https:\/\/www.cubaseltiopaco.com\/ca\/\",\"name\":\"Cubas el tio paco\",\"description\":\"Empresa de desembussos a Barcelona\",\"potentialAction\":[{\"@type\":\"SearchAction\",\"target\":{\"@type\":\"EntryPoint\",\"urlTemplate\":\"https:\/\/www.cubaseltiopaco.com\/ca\/?s={search_term_string}\"},\"query-input\":\"required name=search_term_string\"}],\"inLanguage\":\"ca\"}]}<\/script>\n<!-- \/ Yoast SEO plugin. -->","yoast_head_json":{"title":"Hist\u00f2ria","description":"La empresa Cubas el Tio Paco 2000 S.L. neix alla pels anys 60 de m\u00e0 de Francisco Girona, a la ciutat de Viladecans","robots":{"index":"index","follow":"follow","max-snippet":"max-snippet:-1","max-image-preview":"max-image-preview:large","max-video-preview":"max-video-preview:-1"},"canonical":"https:\/\/www.cubaseltiopaco.com\/ca\/historia-empresa\/","og_locale":"ca_ES","og_type":"article","og_title":"Hist\u00f2ria","og_description":"La empresa Cubas el Tio Paco 2000 S.L. neix alla pels anys 60 de m\u00e0 de Francisco Girona, a la ciutat de Viladecans","og_url":"https:\/\/www.cubaseltiopaco.com\/ca\/historia-empresa\/","og_site_name":"Cubas el tio paco","article_modified_time":"2023-05-31T09:59:04+00:00","twitter_misc":{"Temps estimat de lectura":"1 minut"},"schema":{"@context":"https:\/\/schema.org","@graph":[{"@type":"WebPage","@id":"https:\/\/www.cubaseltiopaco.com\/ca\/historia-empresa\/","url":"https:\/\/www.cubaseltiopaco.com\/ca\/historia-empresa\/","name":"Hist\u00f2ria","isPartOf":{"@id":"https:\/\/www.cubaseltiopaco.com\/ca\/#website"},"datePublished":"2016-01-20T12:55:54+00:00","dateModified":"2023-05-31T09:59:04+00:00","description":"La empresa Cubas el Tio Paco 2000 S.L. neix alla pels anys 60 de m\u00e0 de Francisco Girona, a la ciutat de Viladecans","breadcrumb":{"@id":"https:\/\/www.cubaseltiopaco.com\/ca\/historia-empresa\/#breadcrumb"},"inLanguage":"ca","potentialAction":[{"@type":"ReadAction","target":["https:\/\/www.cubaseltiopaco.com\/ca\/historia-empresa\/"]}]},{"@type":"BreadcrumbList","@id":"https:\/\/www.cubaseltiopaco.com\/ca\/historia-empresa\/#breadcrumb","itemListElement":[{"@type":"ListItem","position":1,"name":"Portada","item":"https:\/\/www.cubaseltiopaco.com\/ca\/"},{"@type":"ListItem","position":2,"name":"Hist\u00f2ria"}]},{"@type":"WebSite","@id":"https:\/\/www.cubaseltiopaco.com\/ca\/#website","url":"https:\/\/www.cubaseltiopaco.com\/ca\/","name":"Cubas el tio paco","description":"Empresa de desembussos a Barcelona","potentialAction":[{"@type":"SearchAction","target":{"@type":"EntryPoint","urlTemplate":"https:\/\/www.cubaseltiopaco.com\/ca\/?s={search_term_string}"},"query-input":"required name=search_term_string"}],"inLanguage":"ca"}]}},"_links":{"self":[{"href":"https:\/\/www.cubaseltiopaco.com\/ca\/wp-json\/wp\/v2\/pages\/3978"}],"collection":[{"href":"https:\/\/www.cubaseltiopaco.com\/ca\/wp-json\/wp\/v2\/pages"}],"about":[{"href":"https:\/\/www.cubaseltiopaco.com\/ca\/wp-json\/wp\/v2\/types\/page"}],"author":[{"embeddable":true,"href":"https:\/\/www.cubaseltiopaco.com\/ca\/wp-json\/wp\/v2\/users\/1"}],"replies":[{"embeddable":true,"href":"https:\/\/www.cubaseltiopaco.com\/ca\/wp-json\/wp\/v2\/comments?post=3978"}],"version-history":[{"count":4,"href":"https:\/\/www.cubaseltiopaco.com\/ca\/wp-json\/wp\/v2\/pages\/3978\/revisions"}],"predecessor-version":[{"id":4733,"href":"https:\/\/www.cubaseltiopaco.com\/ca\/wp-json\/wp\/v2\/pages\/3978\/revisions\/4733"}],"wp:attachment":[{"href":"https:\/\/www.cubaseltiopaco.com\/ca\/wp-json\/wp\/v2\/media?parent=3978"}],"curies":[{"name":"wp","href":"https:\/\/api.w.org\/{rel}","templated":true}]}}