{"id":3980,"date":"2016-01-20T13:00:10","date_gmt":"2016-01-20T13:00:10","guid":{"rendered":"https:\/\/www.cubaseltiopaco.com\/?page_id=3980"},"modified":"2023-05-30T11:13:54","modified_gmt":"2023-05-30T11:13:54","slug":"ciutats","status":"publish","type":"page","link":"https:\/\/www.cubaseltiopaco.com\/ca\/ciutats\/","title":{"rendered":"Ciutats"},"content":{"rendered":"<div id='full_slider_1'  class='avia-fullwidth-slider main_color avia-shadow   avia-builder-el-0  el_before_av_one_full  avia-builder-el-first   container_wrap sidebar_right'  ><div  class='avia-slideshow av-jn8wks-9042bfeca4b5be60cacac9b63e14cfbf av-control-default avia-slideshow-featured av_slideshow_full avia-slide-slider av-default-height-applied   avia-slideshow-1'  data-size='featured'  data-lightbox_size='large'  data-animation='slide'  data-conditional_play=''  data-ids='4697'  data-video_counter='0'  data-autoplay='false'  data-bg_slider='false'  data-slide_height=''  data-handle='av_slideshow_full'  data-interval='5'  data-class=''  data-extra_class=' '  data-el_id=''  data-css_id=''  data-scroll_down=''  data-control_layout='av-control-default'  data-custom_markup=''  data-perma_caption=''  data-autoplay_stopper=''  data-image_attachment=''  data-min_height='0px'  data-lazy_loading='disabled'  data-default-height='28.666666666667'  data-stretch=''  data-src=''  data-position='top left'  data-repeat='no-repeat'  data-attach='scroll'  data-img_scrset=''  data-av-desktop-hide=''  data-av-medium-hide=''  data-av-small-hide=''  data-av-mini-hide=''  data-id=''  data-custom_class=''  data-template_class=''  data-av_uid='av-jn8wks'  data-sc_version='1.0'  data-heading_tag=''  data-heading_class=''   itemprop=\"image\" itemscope=\"itemscope\" itemtype=\"https:\/\/schema.org\/ImageObject\" ><ul class='avia-slideshow-inner ' style='padding-bottom: 28.666666666667%;'><li  class='avia-slideshow-slide av-jn8wks-9042bfeca4b5be60cacac9b63e14cfbf__0  av-single-slide slide-1 ' ><div data-rel='slideshow-1' class='avia-slide-wrap '   ><img class=\"wp-image-4697 avia-img-lazy-loading-not-4697\"  src=\"https:\/\/www.cubaseltiopaco.com\/ca\/wp-content\/uploads\/2023\/05\/ciudades_catalunya_cubas-1500x430.jpg\" width=\"1500\" height=\"430\" title='ciudades catalunya cubas' alt='ciudades catalunya cubas'  itemprop=\"thumbnailUrl\" srcset=\"https:\/\/www.cubaseltiopaco.com\/ca\/wp-content\/uploads\/2023\/05\/ciudades_catalunya_cubas.jpg 1500w, https:\/\/www.cubaseltiopaco.com\/ca\/wp-content\/uploads\/2023\/05\/ciudades_catalunya_cubas-300x86.jpg 300w, https:\/\/www.cubaseltiopaco.com\/ca\/wp-content\/uploads\/2023\/05\/ciudades_catalunya_cubas-1030x295.jpg 1030w, https:\/\/www.cubaseltiopaco.com\/ca\/wp-content\/uploads\/2023\/05\/ciudades_catalunya_cubas-768x220.jpg 768w, https:\/\/www.cubaseltiopaco.com\/ca\/wp-content\/uploads\/2023\/05\/ciudades_catalunya_cubas-705x202.jpg 705w\" sizes=\"(max-width: 1500px) 100vw, 1500px\" \/><\/div><\/li><\/ul><\/div><\/div><div id='after_full_slider_1'  class='main_color av_default_container_wrap container_wrap sidebar_right'  ><div class='container av-section-cont-open' ><div class='template-page content  av-content-small alpha units'><div class='post-entry post-entry-type-page post-entry-3980'><div class='entry-content-wrapper clearfix'>\n<div class='flex_column av-fwkv98-3892e37089f94722f9eab99046df3ad3 av_one_full  avia-builder-el-1  el_after_av_slideshow_full  el_before_av_one_third  avia-builder-el-first  first flex_column_div '   ><p>\n<style type=\"text\/css\" data-created_by=\"avia_inline_auto\" id=\"style-css-av-1dqunw-8d3cb7dfd6a4441afbe194511e4b9ade\">\n#top .av-special-heading.av-1dqunw-8d3cb7dfd6a4441afbe194511e4b9ade{\npadding-bottom:10px;\n}\nbody .av-special-heading.av-1dqunw-8d3cb7dfd6a4441afbe194511e4b9ade .av-special-heading-tag .heading-char{\nfont-size:25px;\n}\n.av-special-heading.av-1dqunw-8d3cb7dfd6a4441afbe194511e4b9ade .av-subheading{\nfont-size:15px;\n}\n<\/style>\n<div  class='av-special-heading av-1dqunw-8d3cb7dfd6a4441afbe194511e4b9ade av-special-heading-h1  avia-builder-el-2  el_before_av_textblock  avia-builder-el-first '><h1 class='av-special-heading-tag'  itemprop=\"headline\"  >Ciutats<\/h1><div class=\"special-heading-border\"><div class=\"special-heading-inner-border\"><\/div><\/div><\/div><br \/>\n<section  class='av_textblock_section av-bsniak-b05ebc33bad044ee00a4f6d107a0c7a5'  itemscope=\"itemscope\" itemtype=\"https:\/\/schema.org\/CreativeWork\" ><div class='avia_textblock'  itemprop=\"text\" ><p>En Cubas el T\u00edo Paco oferim els nostres serveis d&#8217;inspecci\u00f3, desembussament, neteja, desinfecci\u00f3 i reparaci\u00f3 tant a la capital, Barcelona, com a les poblacions i ciutats de la prov\u00edncia. De la mateixa manera, tamb\u00e9 ens encarreguem del manteniment i buidat de fosses s\u00e8ptiques d&#8217;aquelles cases i urbanitzacions a\u00efllades dels nuclis urbans.<\/p>\n<p>A continuaci\u00f3, llistem totes aquelles poblacions i ciutats a les que donem servei de manera habitual:<\/p>\n<\/div><\/section><\/p><\/div>\n<div class='flex_column av-b2zxu4-7a88c8a9fa0ea220cbf91df959c1ef58 av_one_third  avia-builder-el-4  el_after_av_one_full  el_before_av_one_third  first flex_column_div column-top-margin'   ><section  class='av_textblock_section av-vvuik-28f1a869e0365798846c8dc5a1c7631c'  itemscope=\"itemscope\" itemtype=\"https:\/\/schema.org\/CreativeWork\" ><div class='avia_textblock'  itemprop=\"text\" ><ul>\n<li><span id=\"result_box\" class=\"short_text\" lang=\"ca\" tabindex=\"-1\"><span class=\"hps\">Desembussos<\/span><\/span>\u00a0Badalona<\/li>\n<li><span id=\"result_box\" class=\"short_text\" lang=\"ca\" tabindex=\"-1\"><span class=\"hps\">Desembussos<\/span><\/span> Corbera<\/li>\n<li><span id=\"result_box\" class=\"short_text\" lang=\"ca\" tabindex=\"-1\"><span class=\"hps\">Desembussos<\/span><\/span>\u00a0Cornella<\/li>\n<\/ul>\n<\/div><\/section><\/div>\n<div class='flex_column av-74r9p8-b5676eebc60f79400109e27bad24265b av_one_third  avia-builder-el-6  el_after_av_one_third  el_before_av_one_third  flex_column_div column-top-margin'   ><section  class='av_textblock_section av-59pfjw-49f94c58868749baf00a7c89b6298bdc'  itemscope=\"itemscope\" itemtype=\"https:\/\/schema.org\/CreativeWork\" ><div class='avia_textblock'  itemprop=\"text\" ><ul>\n<li><span id=\"result_box\" class=\"short_text\" lang=\"ca\" tabindex=\"-1\"><span class=\"hps\">Desembussos<\/span><\/span>\u00a0Gava<\/li>\n<li><span id=\"result_box\" class=\"short_text\" lang=\"ca\" tabindex=\"-1\"><span class=\"hps\">Desembussos<\/span><\/span>\u00a0Hospitalet<\/li>\n<li><span id=\"result_box\" class=\"short_text\" lang=\"ca\" tabindex=\"-1\"><span class=\"hps\">Desembussos<\/span><\/span>\u00a0Rubi<\/li>\n<\/ul>\n<\/div><\/section><\/div>\n<div class='flex_column av-4u738s-c3a9133faee876e26a0b7e68b05c42da av_one_third  avia-builder-el-8  el_after_av_one_third  avia-builder-el-last  flex_column_div column-top-margin'   ><section  class='av_textblock_section av-308ouk-4baad86568e5abb9725559051cf80ee2'  itemscope=\"itemscope\" itemtype=\"https:\/\/schema.org\/CreativeWork\" ><div class='avia_textblock'  itemprop=\"text\" ><ul>\n<li><span id=\"result_box\" class=\"short_text\" lang=\"ca\" tabindex=\"-1\"><span class=\"hps\">Desembussos<\/span><\/span>\u00a0Sabadell<\/li>\n<li><span id=\"result_box\" class=\"short_text\" lang=\"ca\" tabindex=\"-1\"><span class=\"hps\">Desembussos<\/span><\/span>\u00a0Sant Boi<\/li>\n<li><span id=\"result_box\" class=\"short_text\" lang=\"ca\" tabindex=\"-1\"><span class=\"hps\">Desembussos<\/span><\/span>\u00a0Sant Cugat<\/li>\n<li><span id=\"result_box\" class=\"short_text\" lang=\"ca\" tabindex=\"-1\"><span class=\"hps\">Desembussos<\/span><\/span>\u00a0Terrassa<\/li>\n<\/ul>\n<\/div><\/section><\/div>\n","protected":false},"excerpt":{"rendered":"","protected":false},"author":1,"featured_media":0,"parent":0,"menu_order":0,"comment_status":"open","ping_status":"open","template":"","meta":[],"yoast_head":"<!-- This site is optimized with the Yoast SEO plugin v19.6 - https:\/\/yoast.com\/wordpress\/plugins\/seo\/ -->\n<title>Ciutats on Cubas el Tio Paco ofereix els seus serveis<\/title>\n<meta name=\"description\" content=\"Ciutats on Cubas el Tio Paco ofereix els seus serveis\" \/>\n<meta name=\"robots\" content=\"index, follow, max-snippet:-1, max-image-preview:large, max-video-preview:-1\" \/>\n<link rel=\"canonical\" href=\"https:\/\/www.cubaseltiopaco.com\/ca\/ciutats\/\" \/>\n<meta property=\"og:locale\" content=\"ca_ES\" \/>\n<meta property=\"og:type\" content=\"article\" \/>\n<meta property=\"og:title\" content=\"Ciutats on Cubas el Tio Paco ofereix els seus serveis\" \/>\n<meta property=\"og:description\" content=\"Ciutats on Cubas el Tio Paco ofereix els seus serveis\" \/>\n<meta property=\"og:url\" content=\"https:\/\/www.cubaseltiopaco.com\/ca\/ciutats\/\" \/>\n<meta property=\"og:site_name\" content=\"Cubas el tio paco\" \/>\n<meta property=\"article:modified_time\" content=\"2023-05-30T11:13:54+00:00\" \/>\n<meta name=\"twitter:label1\" content=\"Temps estimat de lectura\" \/>\n\t<meta name=\"twitter:data1\" content=\"1 minut\" \/>\n<script type=\"application\/ld+json\" class=\"yoast-schema-graph\">{\"@context\":\"https:\/\/schema.org\",\"@graph\":[{\"@type\":\"WebPage\",\"@id\":\"https:\/\/www.cubaseltiopaco.com\/ca\/ciutats\/\",\"url\":\"https:\/\/www.cubaseltiopaco.com\/ca\/ciutats\/\",\"name\":\"Ciutats on Cubas el Tio Paco ofereix els seus serveis\",\"isPartOf\":{\"@id\":\"https:\/\/www.cubaseltiopaco.com\/ca\/#website\"},\"datePublished\":\"2016-01-20T13:00:10+00:00\",\"dateModified\":\"2023-05-30T11:13:54+00:00\",\"description\":\"Ciutats on Cubas el Tio Paco ofereix els seus serveis\",\"breadcrumb\":{\"@id\":\"https:\/\/www.cubaseltiopaco.com\/ca\/ciutats\/#breadcrumb\"},\"inLanguage\":\"ca\",\"potentialAction\":[{\"@type\":\"ReadAction\",\"target\":[\"https:\/\/www.cubaseltiopaco.com\/ca\/ciutats\/\"]}]},{\"@type\":\"BreadcrumbList\",\"@id\":\"https:\/\/www.cubaseltiopaco.com\/ca\/ciutats\/#breadcrumb\",\"itemListElement\":[{\"@type\":\"ListItem\",\"position\":1,\"name\":\"Portada\",\"item\":\"https:\/\/www.cubaseltiopaco.com\/ca\/\"},{\"@type\":\"ListItem\",\"position\":2,\"name\":\"Ciutats\"}]},{\"@type\":\"WebSite\",\"@id\":\"https:\/\/www.cubaseltiopaco.com\/ca\/#website\",\"url\":\"https:\/\/www.cubaseltiopaco.com\/ca\/\",\"name\":\"Cubas el tio paco\",\"description\":\"Empresa de desembussos a Barcelona\",\"potentialAction\":[{\"@type\":\"SearchAction\",\"target\":{\"@type\":\"EntryPoint\",\"urlTemplate\":\"https:\/\/www.cubaseltiopaco.com\/ca\/?s={search_term_string}\"},\"query-input\":\"required name=search_term_string\"}],\"inLanguage\":\"ca\"}]}<\/script>\n<!-- \/ Yoast SEO plugin. -->","yoast_head_json":{"title":"Ciutats on Cubas el Tio Paco ofereix els seus serveis","description":"Ciutats on Cubas el Tio Paco ofereix els seus serveis","robots":{"index":"index","follow":"follow","max-snippet":"max-snippet:-1","max-image-preview":"max-image-preview:large","max-video-preview":"max-video-preview:-1"},"canonical":"https:\/\/www.cubaseltiopaco.com\/ca\/ciutats\/","og_locale":"ca_ES","og_type":"article","og_title":"Ciutats on Cubas el Tio Paco ofereix els seus serveis","og_description":"Ciutats on Cubas el Tio Paco ofereix els seus serveis","og_url":"https:\/\/www.cubaseltiopaco.com\/ca\/ciutats\/","og_site_name":"Cubas el tio paco","article_modified_time":"2023-05-30T11:13:54+00:00","twitter_misc":{"Temps estimat de lectura":"1 minut"},"schema":{"@context":"https:\/\/schema.org","@graph":[{"@type":"WebPage","@id":"https:\/\/www.cubaseltiopaco.com\/ca\/ciutats\/","url":"https:\/\/www.cubaseltiopaco.com\/ca\/ciutats\/","name":"Ciutats on Cubas el Tio Paco ofereix els seus serveis","isPartOf":{"@id":"https:\/\/www.cubaseltiopaco.com\/ca\/#website"},"datePublished":"2016-01-20T13:00:10+00:00","dateModified":"2023-05-30T11:13:54+00:00","description":"Ciutats on Cubas el Tio Paco ofereix els seus serveis","breadcrumb":{"@id":"https:\/\/www.cubaseltiopaco.com\/ca\/ciutats\/#breadcrumb"},"inLanguage":"ca","potentialAction":[{"@type":"ReadAction","target":["https:\/\/www.cubaseltiopaco.com\/ca\/ciutats\/"]}]},{"@type":"BreadcrumbList","@id":"https:\/\/www.cubaseltiopaco.com\/ca\/ciutats\/#breadcrumb","itemListElement":[{"@type":"ListItem","position":1,"name":"Portada","item":"https:\/\/www.cubaseltiopaco.com\/ca\/"},{"@type":"ListItem","position":2,"name":"Ciutats"}]},{"@type":"WebSite","@id":"https:\/\/www.cubaseltiopaco.com\/ca\/#website","url":"https:\/\/www.cubaseltiopaco.com\/ca\/","name":"Cubas el tio paco","description":"Empresa de desembussos a Barcelona","potentialAction":[{"@type":"SearchAction","target":{"@type":"EntryPoint","urlTemplate":"https:\/\/www.cubaseltiopaco.com\/ca\/?s={search_term_string}"},"query-input":"required name=search_term_string"}],"inLanguage":"ca"}]}},"_links":{"self":[{"href":"https:\/\/www.cubaseltiopaco.com\/ca\/wp-json\/wp\/v2\/pages\/3980"}],"collection":[{"href":"https:\/\/www.cubaseltiopaco.com\/ca\/wp-json\/wp\/v2\/pages"}],"about":[{"href":"https:\/\/www.cubaseltiopaco.com\/ca\/wp-json\/wp\/v2\/types\/page"}],"author":[{"embeddable":true,"href":"https:\/\/www.cubaseltiopaco.com\/ca\/wp-json\/wp\/v2\/users\/1"}],"replies":[{"embeddable":true,"href":"https:\/\/www.cubaseltiopaco.com\/ca\/wp-json\/wp\/v2\/comments?post=3980"}],"version-history":[{"count":3,"href":"https:\/\/www.cubaseltiopaco.com\/ca\/wp-json\/wp\/v2\/pages\/3980\/revisions"}],"predecessor-version":[{"id":4698,"href":"https:\/\/www.cubaseltiopaco.com\/ca\/wp-json\/wp\/v2\/pages\/3980\/revisions\/4698"}],"wp:attachment":[{"href":"https:\/\/www.cubaseltiopaco.com\/ca\/wp-json\/wp\/v2\/media?parent=3980"}],"curies":[{"name":"wp","href":"https:\/\/api.w.org\/{rel}","templated":true}]}}